{"id":296,"date":"2025-01-08T13:15:51","date_gmt":"2025-01-08T13:15:51","guid":{"rendered":"https:\/\/backgroundspain.entropiaweb.com\/?page_id=296"},"modified":"2025-01-29T12:43:17","modified_gmt":"2025-01-29T12:43:17","slug":"industrias-y-paises","status":"publish","type":"page","link":"https:\/\/backgroundspain.entropiaweb.com\/en\/industries-and-countries-2\/","title":{"rendered":"Industries and countries"},"content":{"rendered":"<div data-elementor-type=\"wp-page\" data-elementor-id=\"296\" class=\"elementor elementor-296\" data-elementor-post-type=\"page\">\n\t\t\t\t<div class=\"elementor-element elementor-element-420a4d4 banner e-flex e-con-boxed e-con e-parent\" data-id=\"420a4d4\" data-element_type=\"container\" data-settings=\"{&quot;background_background&quot;:&quot;classic&quot;}\">\n\t\t\t\t\t<div class=\"e-con-inner\">\n\t\t\t\t<div class=\"elementor-element elementor-element-b4e4b2a elementor-widget__width-initial elementor-absolute deco deco-left-top elementor-widget elementor-widget-heading\" data-id=\"b4e4b2a\" data-element_type=\"widget\" data-settings=\"{&quot;_position&quot;:&quot;absolute&quot;}\" data-widget_type=\"heading.default\">\n\t\t\t\t<div class=\"elementor-widget-container\">\n\t\t\t\t\t<h2 class=\"elementor-heading-title elementor-size-default\">Solutions of <br>\n<span>Background Screening<\/span> <br>\nfor various sectors <br>\nin more than 120 countries. <\/h2>\t\t\t\t<\/div>\n\t\t\t\t<\/div>\n\t\t\t\t\t<\/div>\n\t\t\t\t<\/div>\n\t\t<div class=\"elementor-element elementor-element-808c4f1 row1 e-flex e-con-boxed e-con e-parent\" data-id=\"808c4f1\" data-element_type=\"container\" data-settings=\"{&quot;background_background&quot;:&quot;classic&quot;}\">\n\t\t\t\t\t<div class=\"e-con-inner\">\n\t\t<div class=\"elementor-element elementor-element-cdab7d9 e-con-full e-flex e-con e-child\" data-id=\"cdab7d9\" data-element_type=\"container\">\n\t\t<div class=\"elementor-element elementor-element-a4c8f73 e-con-full e-flex e-con e-child\" data-id=\"a4c8f73\" data-element_type=\"container\">\n\t\t\t\t<div class=\"elementor-element elementor-element-23702da deco deco-left-top elementor-widget elementor-widget-heading\" data-id=\"23702da\" data-element_type=\"widget\" data-widget_type=\"heading.default\">\n\t\t\t\t<div class=\"elementor-widget-container\">\n\t\t\t\t\t<h2 class=\"elementor-heading-title elementor-size-default\">MAIN SECTORS WITH <br>\nTHOSE OF US WHO WORK<\/h2>\t\t\t\t<\/div>\n\t\t\t\t<\/div>\n\t\t<div class=\"elementor-element elementor-element-b3fc0a2 e-con-full e-flex e-con e-child\" data-id=\"b3fc0a2\" data-element_type=\"container\">\n\t\t<div class=\"elementor-element elementor-element-b7be428 e-con-full e-flex e-con e-child\" data-id=\"b7be428\" data-element_type=\"container\">\n\t\t\t\t<div class=\"elementor-element elementor-element-2e447fe elementor-widget elementor-widget-text-editor\" data-id=\"2e447fe\" data-element_type=\"widget\" data-widget_type=\"text-editor.default\">\n\t\t\t\t<div class=\"elementor-widget-container\">\n\t\t\t\t\t\t\t\t\t01\t\t\t\t\t\t\t\t<\/div>\n\t\t\t\t<\/div>\n\t\t\t\t<\/div>\n\t\t<div class=\"elementor-element elementor-element-328af63 e-con-full e-flex e-con e-child\" data-id=\"328af63\" data-element_type=\"container\">\n\t\t\t\t<div class=\"elementor-element elementor-element-fa2a796 elementor-widget elementor-widget-text-editor\" data-id=\"fa2a796\" data-element_type=\"widget\" data-widget_type=\"text-editor.default\">\n\t\t\t\t<div class=\"elementor-widget-container\">\n\t\t\t\t\t\t\t\t\t<p><strong>Pharmacist<\/strong><br \/>Reliable personnel for the training required by the sector.<\/p>\t\t\t\t\t\t\t\t<\/div>\n\t\t\t\t<\/div>\n\t\t\t\t<\/div>\n\t\t\t\t<\/div>\n\t\t<div class=\"elementor-element elementor-element-7be6986 e-con-full e-flex e-con e-child\" data-id=\"7be6986\" data-element_type=\"container\">\n\t\t<div class=\"elementor-element elementor-element-2476a9e e-con-full e-flex e-con e-child\" data-id=\"2476a9e\" data-element_type=\"container\">\n\t\t\t\t<div class=\"elementor-element elementor-element-fdf7494 elementor-widget elementor-widget-text-editor\" data-id=\"fdf7494\" data-element_type=\"widget\" data-widget_type=\"text-editor.default\">\n\t\t\t\t<div class=\"elementor-widget-container\">\n\t\t\t\t\t\t\t\t\t<p>02<\/p>\t\t\t\t\t\t\t\t<\/div>\n\t\t\t\t<\/div>\n\t\t\t\t<\/div>\n\t\t<div class=\"elementor-element elementor-element-e30ea07 e-con-full e-flex e-con e-child\" data-id=\"e30ea07\" data-element_type=\"container\">\n\t\t\t\t<div class=\"elementor-element elementor-element-0eabd42 elementor-widget elementor-widget-text-editor\" data-id=\"0eabd42\" data-element_type=\"widget\" data-widget_type=\"text-editor.default\">\n\t\t\t\t<div class=\"elementor-widget-container\">\n\t\t\t\t\t\t\t\t\t<p><strong>Banking<\/strong><br \/>Verifications to ensure integrity in financial management.<\/p>\t\t\t\t\t\t\t\t<\/div>\n\t\t\t\t<\/div>\n\t\t\t\t<\/div>\n\t\t\t\t<\/div>\n\t\t<div class=\"elementor-element elementor-element-f1bd05b e-con-full e-flex e-con e-child\" data-id=\"f1bd05b\" data-element_type=\"container\">\n\t\t<div class=\"elementor-element elementor-element-5cd1b69 e-con-full e-flex e-con e-child\" data-id=\"5cd1b69\" data-element_type=\"container\">\n\t\t\t\t<div class=\"elementor-element elementor-element-0589075 elementor-widget elementor-widget-text-editor\" data-id=\"0589075\" data-element_type=\"widget\" data-widget_type=\"text-editor.default\">\n\t\t\t\t<div class=\"elementor-widget-container\">\n\t\t\t\t\t\t\t\t\t<p>03<\/p>\t\t\t\t\t\t\t\t<\/div>\n\t\t\t\t<\/div>\n\t\t\t\t<\/div>\n\t\t<div class=\"elementor-element elementor-element-6f636c6 e-con-full e-flex e-con e-child\" data-id=\"6f636c6\" data-element_type=\"container\">\n\t\t\t\t<div class=\"elementor-element elementor-element-05eab4d elementor-widget elementor-widget-text-editor\" data-id=\"05eab4d\" data-element_type=\"widget\" data-widget_type=\"text-editor.default\">\n\t\t\t\t<div class=\"elementor-widget-container\">\n\t\t\t\t\t\t\t\t\t<p><strong>Financial and Investment Services<\/strong><br \/>Confidentiality and compliance in critical operations.<\/p>\t\t\t\t\t\t\t\t<\/div>\n\t\t\t\t<\/div>\n\t\t\t\t<\/div>\n\t\t\t\t<\/div>\n\t\t<div class=\"elementor-element elementor-element-a970fa9 e-con-full e-flex e-con e-child\" data-id=\"a970fa9\" data-element_type=\"container\">\n\t\t<div class=\"elementor-element elementor-element-c6495b1 e-con-full e-flex e-con e-child\" data-id=\"c6495b1\" data-element_type=\"container\">\n\t\t\t\t<div class=\"elementor-element elementor-element-410b8e5 elementor-widget elementor-widget-text-editor\" data-id=\"410b8e5\" data-element_type=\"widget\" data-widget_type=\"text-editor.default\">\n\t\t\t\t<div class=\"elementor-widget-container\">\n\t\t\t\t\t\t\t\t\t<p>04<\/p>\t\t\t\t\t\t\t\t<\/div>\n\t\t\t\t<\/div>\n\t\t\t\t<\/div>\n\t\t<div class=\"elementor-element elementor-element-43d19b8 e-con-full e-flex e-con e-child\" data-id=\"43d19b8\" data-element_type=\"container\">\n\t\t\t\t<div class=\"elementor-element elementor-element-793958f elementor-widget elementor-widget-text-editor\" data-id=\"793958f\" data-element_type=\"widget\" data-widget_type=\"text-editor.default\">\n\t\t\t\t<div class=\"elementor-widget-container\">\n\t\t\t\t\t\t\t\t\t<p><strong>Casting Agencies<\/strong><br \/>Rapid assessments to ensure authentic and reliable talent.<\/p>\t\t\t\t\t\t\t\t<\/div>\n\t\t\t\t<\/div>\n\t\t\t\t<\/div>\n\t\t\t\t<\/div>\n\t\t<div class=\"elementor-element elementor-element-acc738c e-con-full e-flex e-con e-child\" data-id=\"acc738c\" data-element_type=\"container\">\n\t\t<div class=\"elementor-element elementor-element-f8e0a3c e-con-full e-flex e-con e-child\" data-id=\"f8e0a3c\" data-element_type=\"container\">\n\t\t\t\t<div class=\"elementor-element elementor-element-d5c47f0 elementor-widget elementor-widget-text-editor\" data-id=\"d5c47f0\" data-element_type=\"widget\" data-widget_type=\"text-editor.default\">\n\t\t\t\t<div class=\"elementor-widget-container\">\n\t\t\t\t\t\t\t\t\t<p>05<\/p>\t\t\t\t\t\t\t\t<\/div>\n\t\t\t\t<\/div>\n\t\t\t\t<\/div>\n\t\t<div class=\"elementor-element elementor-element-416b74d e-con-full e-flex e-con e-child\" data-id=\"416b74d\" data-element_type=\"container\">\n\t\t\t\t<div class=\"elementor-element elementor-element-cc01b8b elementor-widget elementor-widget-text-editor\" data-id=\"cc01b8b\" data-element_type=\"widget\" data-widget_type=\"text-editor.default\">\n\t\t\t\t<div class=\"elementor-widget-container\">\n\t\t\t\t\t\t\t\t\t<p><strong>Technological<\/strong><br \/>Review of data and intellectual property in the digital sector.<\/p>\t\t\t\t\t\t\t\t<\/div>\n\t\t\t\t<\/div>\n\t\t\t\t<\/div>\n\t\t\t\t<\/div>\n\t\t\t\t<\/div>\n\t\t<div class=\"elementor-element elementor-element-6f843e7 e-con-full e-flex e-con e-child\" data-id=\"6f843e7\" data-element_type=\"container\">\n\t\t\t\t<div class=\"elementor-element elementor-element-53127fe deco-img elementor-widget elementor-widget-image\" data-id=\"53127fe\" data-element_type=\"widget\" data-widget_type=\"image.default\">\n\t\t\t\t<div class=\"elementor-widget-container\">\n\t\t\t\t\t\t\t\t\t\t\t\t\t\t\t<img fetchpriority=\"high\" decoding=\"async\" width=\"514\" height=\"409\" src=\"https:\/\/backgroundspain.entropiaweb.com\/wp-content\/uploads\/2025\/01\/double-exposure-man-s-hands-holding-using-phone-social-network-theme-drawing-1.jpg\" class=\"attachment-large size-large wp-image-297\" alt=\"\" srcset=\"https:\/\/backgroundspain.entropiaweb.com\/wp-content\/uploads\/2025\/01\/double-exposure-man-s-hands-holding-using-phone-social-network-theme-drawing-1.jpg 514w, https:\/\/backgroundspain.entropiaweb.com\/wp-content\/uploads\/2025\/01\/double-exposure-man-s-hands-holding-using-phone-social-network-theme-drawing-1-300x239.jpg 300w, https:\/\/backgroundspain.entropiaweb.com\/wp-content\/uploads\/2025\/01\/double-exposure-man-s-hands-holding-using-phone-social-network-theme-drawing-1-15x12.jpg 15w\" sizes=\"(max-width: 514px) 100vw, 514px\" \/>\t\t\t\t\t\t\t\t\t\t\t\t\t\t\t<\/div>\n\t\t\t\t<\/div>\n\t\t\t\t<\/div>\n\t\t\t\t<\/div>\n\t\t<div class=\"elementor-element elementor-element-aa55246 e-con-full e-flex e-con e-child\" data-id=\"aa55246\" data-element_type=\"container\">\n\t\t<div class=\"elementor-element elementor-element-0cace68 e-con-full e-flex e-con e-child\" data-id=\"0cace68\" data-element_type=\"container\">\n\t\t\t\t<div class=\"elementor-element elementor-element-5d8d73f elementor-widget elementor-widget-image\" data-id=\"5d8d73f\" data-element_type=\"widget\" data-widget_type=\"image.default\">\n\t\t\t\t<div class=\"elementor-widget-container\">\n\t\t\t\t\t\t\t\t\t\t\t\t\t\t\t<img decoding=\"async\" width=\"514\" height=\"409\" src=\"https:\/\/backgroundspain.entropiaweb.com\/wp-content\/uploads\/2025\/01\/modern-augmented-reality-technology-with-business-information-1-1.jpg\" class=\"attachment-large size-large wp-image-298\" alt=\"\" srcset=\"https:\/\/backgroundspain.entropiaweb.com\/wp-content\/uploads\/2025\/01\/modern-augmented-reality-technology-with-business-information-1-1.jpg 514w, https:\/\/backgroundspain.entropiaweb.com\/wp-content\/uploads\/2025\/01\/modern-augmented-reality-technology-with-business-information-1-1-300x239.jpg 300w, https:\/\/backgroundspain.entropiaweb.com\/wp-content\/uploads\/2025\/01\/modern-augmented-reality-technology-with-business-information-1-1-15x12.jpg 15w\" sizes=\"(max-width: 514px) 100vw, 514px\" \/>\t\t\t\t\t\t\t\t\t\t\t\t\t\t\t<\/div>\n\t\t\t\t<\/div>\n\t\t\t\t<\/div>\n\t\t<div class=\"elementor-element elementor-element-22a414e e-con-full e-flex e-con e-child\" data-id=\"22a414e\" data-element_type=\"container\">\n\t\t<div class=\"elementor-element elementor-element-0a11b11 e-con-full e-flex e-con e-child\" data-id=\"0a11b11\" data-element_type=\"container\">\n\t\t<div class=\"elementor-element elementor-element-9e9acbb e-con-full e-flex e-con e-child\" data-id=\"9e9acbb\" data-element_type=\"container\">\n\t\t\t\t<div class=\"elementor-element elementor-element-a3aec86 elementor-widget elementor-widget-text-editor\" data-id=\"a3aec86\" data-element_type=\"widget\" data-widget_type=\"text-editor.default\">\n\t\t\t\t<div class=\"elementor-widget-container\">\n\t\t\t\t\t\t\t\t\t<p>06<\/p>\t\t\t\t\t\t\t\t<\/div>\n\t\t\t\t<\/div>\n\t\t\t\t<\/div>\n\t\t<div class=\"elementor-element elementor-element-f872bf8 e-con-full e-flex e-con e-child\" data-id=\"f872bf8\" data-element_type=\"container\">\n\t\t\t\t<div class=\"elementor-element elementor-element-0287dab elementor-widget elementor-widget-text-editor\" data-id=\"0287dab\" data-element_type=\"widget\" data-widget_type=\"text-editor.default\">\n\t\t\t\t<div class=\"elementor-widget-container\">\n\t\t\t\t\t\t\t\t\t<p><strong>Insurance<\/strong><br \/>We ensure ethics and responsibility in risk management.<\/p>\t\t\t\t\t\t\t\t<\/div>\n\t\t\t\t<\/div>\n\t\t\t\t<\/div>\n\t\t\t\t<\/div>\n\t\t<div class=\"elementor-element elementor-element-8196325 e-con-full e-flex e-con e-child\" data-id=\"8196325\" data-element_type=\"container\">\n\t\t<div class=\"elementor-element elementor-element-63c5f35 e-con-full e-flex e-con e-child\" data-id=\"63c5f35\" data-element_type=\"container\">\n\t\t\t\t<div class=\"elementor-element elementor-element-c2cc524 elementor-widget elementor-widget-text-editor\" data-id=\"c2cc524\" data-element_type=\"widget\" data-widget_type=\"text-editor.default\">\n\t\t\t\t<div class=\"elementor-widget-container\">\n\t\t\t\t\t\t\t\t\t<p>07<\/p>\t\t\t\t\t\t\t\t<\/div>\n\t\t\t\t<\/div>\n\t\t\t\t<\/div>\n\t\t<div class=\"elementor-element elementor-element-5aa9c1f e-con-full e-flex e-con e-child\" data-id=\"5aa9c1f\" data-element_type=\"container\">\n\t\t\t\t<div class=\"elementor-element elementor-element-1c4f510 elementor-widget elementor-widget-text-editor\" data-id=\"1c4f510\" data-element_type=\"widget\" data-widget_type=\"text-editor.default\">\n\t\t\t\t<div class=\"elementor-widget-container\">\n\t\t\t\t\t\t\t\t\t<p><strong>High Security<\/strong><br \/>Specialized screening for sensitive roles in critical environments.<\/p>\t\t\t\t\t\t\t\t<\/div>\n\t\t\t\t<\/div>\n\t\t\t\t<\/div>\n\t\t\t\t<\/div>\n\t\t<div class=\"elementor-element elementor-element-679178d e-con-full e-flex e-con e-child\" data-id=\"679178d\" data-element_type=\"container\">\n\t\t<div class=\"elementor-element elementor-element-d39917c e-con-full e-flex e-con e-child\" data-id=\"d39917c\" data-element_type=\"container\">\n\t\t\t\t<div class=\"elementor-element elementor-element-702aaf8 elementor-widget elementor-widget-text-editor\" data-id=\"702aaf8\" data-element_type=\"widget\" data-widget_type=\"text-editor.default\">\n\t\t\t\t<div class=\"elementor-widget-container\">\n\t\t\t\t\t\t\t\t\t<p>08<\/p>\t\t\t\t\t\t\t\t<\/div>\n\t\t\t\t<\/div>\n\t\t\t\t<\/div>\n\t\t<div class=\"elementor-element elementor-element-8543fc4 e-con-full e-flex e-con e-child\" data-id=\"8543fc4\" data-element_type=\"container\">\n\t\t\t\t<div class=\"elementor-element elementor-element-213e8da elementor-widget elementor-widget-text-editor\" data-id=\"213e8da\" data-element_type=\"widget\" data-widget_type=\"text-editor.default\">\n\t\t\t\t<div class=\"elementor-widget-container\">\n\t\t\t\t\t\t\t\t\t<p><strong>Consultancy<\/strong><br \/>Professional validation to guarantee quality of service.<\/p>\t\t\t\t\t\t\t\t<\/div>\n\t\t\t\t<\/div>\n\t\t\t\t<\/div>\n\t\t\t\t<\/div>\n\t\t<div class=\"elementor-element elementor-element-16c1ae9 e-con-full e-flex e-con e-child\" data-id=\"16c1ae9\" data-element_type=\"container\">\n\t\t<div class=\"elementor-element elementor-element-e88a2d0 e-con-full e-flex e-con e-child\" data-id=\"e88a2d0\" data-element_type=\"container\">\n\t\t\t\t<div class=\"elementor-element elementor-element-5a36214 elementor-widget elementor-widget-text-editor\" data-id=\"5a36214\" data-element_type=\"widget\" data-widget_type=\"text-editor.default\">\n\t\t\t\t<div class=\"elementor-widget-container\">\n\t\t\t\t\t\t\t\t\t<p>09<\/p>\t\t\t\t\t\t\t\t<\/div>\n\t\t\t\t<\/div>\n\t\t\t\t<\/div>\n\t\t<div class=\"elementor-element elementor-element-fc7dcc9 e-con-full e-flex e-con e-child\" data-id=\"fc7dcc9\" data-element_type=\"container\">\n\t\t\t\t<div class=\"elementor-element elementor-element-d18c30e elementor-widget elementor-widget-text-editor\" data-id=\"d18c30e\" data-element_type=\"widget\" data-widget_type=\"text-editor.default\">\n\t\t\t\t<div class=\"elementor-widget-container\">\n\t\t\t\t\t\t\t\t\t<p><strong>Transport<\/strong><br \/>Specific checks for the security of the logistics chain.<\/p>\t\t\t\t\t\t\t\t<\/div>\n\t\t\t\t<\/div>\n\t\t\t\t<\/div>\n\t\t\t\t<\/div>\n\t\t<div class=\"elementor-element elementor-element-19aa797 e-con-full e-flex e-con e-child\" data-id=\"19aa797\" data-element_type=\"container\">\n\t\t<div class=\"elementor-element elementor-element-e24a1f1 e-con-full e-flex e-con e-child\" data-id=\"e24a1f1\" data-element_type=\"container\">\n\t\t\t\t<div class=\"elementor-element elementor-element-c413f87 elementor-widget elementor-widget-text-editor\" data-id=\"c413f87\" data-element_type=\"widget\" data-widget_type=\"text-editor.default\">\n\t\t\t\t<div class=\"elementor-widget-container\">\n\t\t\t\t\t\t\t\t\t<p>10<\/p>\t\t\t\t\t\t\t\t<\/div>\n\t\t\t\t<\/div>\n\t\t\t\t<\/div>\n\t\t<div class=\"elementor-element elementor-element-cf9473d e-con-full e-flex e-con e-child\" data-id=\"cf9473d\" data-element_type=\"container\">\n\t\t\t\t<div class=\"elementor-element elementor-element-f5cc945 elementor-widget elementor-widget-text-editor\" data-id=\"f5cc945\" data-element_type=\"widget\" data-widget_type=\"text-editor.default\">\n\t\t\t\t<div class=\"elementor-widget-container\">\n\t\t\t\t\t\t\t\t\t<p><strong>Audit<\/strong><br \/>We ensure integrity and credibility in analysis and certifications.<\/p>\t\t\t\t\t\t\t\t<\/div>\n\t\t\t\t<\/div>\n\t\t<a class=\"elementor-element elementor-element-ec08469 e-con-full e-flex e-con e-child\" data-id=\"ec08469\" data-element_type=\"container\" href=\"https:\/\/www.grupogat.com\/\" target=\"_blank\">\n\t\t\t\t<div class=\"elementor-element elementor-element-53493ca elementor-widget elementor-widget-heading\" data-id=\"53493ca\" data-element_type=\"widget\" data-widget_type=\"heading.default\">\n\t\t\t\t<div class=\"elementor-widget-container\">\n\t\t\t\t\t<h2 class=\"elementor-heading-title elementor-size-default\">Learn more<\/h2>\t\t\t\t<\/div>\n\t\t\t\t<\/div>\n\t\t\t\t<div class=\"elementor-element elementor-element-45c6835 elementor-view-default elementor-widget elementor-widget-icon\" data-id=\"45c6835\" data-element_type=\"widget\" data-widget_type=\"icon.default\">\n\t\t\t\t<div class=\"elementor-widget-container\">\n\t\t\t\t\t\t\t<div class=\"elementor-icon-wrapper\">\n\t\t\t<div class=\"elementor-icon\">\n\t\t\t<svg xmlns=\"http:\/\/www.w3.org\/2000\/svg\" width=\"16\" height=\"15\" viewbox=\"0 0 16 15\" fill=\"none\"><path d=\"M15.5707 3.55244e-05L4.33046 2.64391L12.2403 11.0563L15.5707 3.55244e-05ZM1.68501 14.4287L9.6989 6.89364L8.32888 5.43657L0.314992 12.9717L1.68501 14.4287Z\" fill=\"#ED7D31\"><\/path><\/svg>\t\t\t<\/div>\n\t\t<\/div>\n\t\t\t\t\t\t<\/div>\n\t\t\t\t<\/div>\n\t\t\t\t<\/a>\n\t\t\t\t<\/div>\n\t\t\t\t<\/div>\n\t\t\t\t<\/div>\n\t\t\t\t<\/div>\n\t\t\t\t\t<\/div>\n\t\t\t\t<\/div>\n\t\t<div class=\"elementor-element elementor-element-ec3b8c5 row2 e-flex e-con-boxed e-con e-parent\" data-id=\"ec3b8c5\" data-element_type=\"container\" id=\"cobertura-global\" data-settings=\"{&quot;background_background&quot;:&quot;classic&quot;}\">\n\t\t\t\t\t<div class=\"e-con-inner\">\n\t\t<div class=\"elementor-element elementor-element-b113c7e e-con-full e-flex e-con e-child\" data-id=\"b113c7e\" data-element_type=\"container\">\n\t\t\t\t<div class=\"elementor-element elementor-element-298eb4b deco deco-left-top elementor-widget elementor-widget-heading\" data-id=\"298eb4b\" data-element_type=\"widget\" data-widget_type=\"heading.default\">\n\t\t\t\t<div class=\"elementor-widget-container\">\n\t\t\t\t\t<h2 class=\"elementor-heading-title elementor-size-default\">GLOBAL COVERAGE<\/h2>\t\t\t\t<\/div>\n\t\t\t\t<\/div>\n\t\t\t\t<div class=\"elementor-element elementor-element-f331ed7 elementor-widget elementor-widget-text-editor\" data-id=\"f331ed7\" data-element_type=\"widget\" data-widget_type=\"text-editor.default\">\n\t\t\t\t<div class=\"elementor-widget-container\">\n\t\t\t\t\t\t\t\t\t<p>We offer background screening services in over 120 countries, ensuring regulatory compliance and process quality in each region. <br \/>Some of the countries we operate in include:<\/p>\t\t\t\t\t\t\t\t<\/div>\n\t\t\t\t<\/div>\n\t\t<div class=\"elementor-element elementor-element-e9d7f38 e-con-full e-flex e-con e-child\" data-id=\"e9d7f38\" data-element_type=\"container\">\n\t\t\t\t<div class=\"elementor-element elementor-element-e88270d elementor-widget elementor-widget-heading\" data-id=\"e88270d\" data-element_type=\"widget\" data-widget_type=\"heading.default\">\n\t\t\t\t<div class=\"elementor-widget-container\">\n\t\t\t\t\t<p class=\"elementor-heading-title elementor-size-default\"><b>Europe<\/b>: Spain, France, Germany, Italy, United Kingdom.<\/p>\t\t\t\t<\/div>\n\t\t\t\t<\/div>\n\t\t\t\t<\/div>\n\t\t<div class=\"elementor-element elementor-element-eb3812e e-con-full e-flex e-con e-child\" data-id=\"eb3812e\" data-element_type=\"container\">\n\t\t\t\t<div class=\"elementor-element elementor-element-a8f9cff elementor-widget elementor-widget-heading\" data-id=\"a8f9cff\" data-element_type=\"widget\" data-widget_type=\"heading.default\">\n\t\t\t\t<div class=\"elementor-widget-container\">\n\t\t\t\t\t<p class=\"elementor-heading-title elementor-size-default\"><b>America<\/b>: United States, Mexico, Argentina, Brazil, Canada.<\/p>\t\t\t\t<\/div>\n\t\t\t\t<\/div>\n\t\t\t\t<\/div>\n\t\t<div class=\"elementor-element elementor-element-7600846 e-con-full e-flex e-con e-child\" data-id=\"7600846\" data-element_type=\"container\">\n\t\t\t\t<div class=\"elementor-element elementor-element-066cfde elementor-widget elementor-widget-heading\" data-id=\"066cfde\" data-element_type=\"widget\" data-widget_type=\"heading.default\">\n\t\t\t\t<div class=\"elementor-widget-container\">\n\t\t\t\t\t<p class=\"elementor-heading-title elementor-size-default\"><b>Asia<\/b>: China, Japan, India, Singapore.<\/p>\t\t\t\t<\/div>\n\t\t\t\t<\/div>\n\t\t\t\t<\/div>\n\t\t<div class=\"elementor-element elementor-element-387f2c8 e-con-full e-flex e-con e-child\" data-id=\"387f2c8\" data-element_type=\"container\">\n\t\t\t\t<div class=\"elementor-element elementor-element-2c0ae0d elementor-widget elementor-widget-heading\" data-id=\"2c0ae0d\" data-element_type=\"widget\" data-widget_type=\"heading.default\">\n\t\t\t\t<div class=\"elementor-widget-container\">\n\t\t\t\t\t<p class=\"elementor-heading-title elementor-size-default\"><b>Africa<\/b>: South Africa, Egypt, Kenya, Morocco.<\/p>\t\t\t\t<\/div>\n\t\t\t\t<\/div>\n\t\t\t\t<\/div>\n\t\t<div class=\"elementor-element elementor-element-f42c4e8 e-con-full e-flex e-con e-child\" data-id=\"f42c4e8\" data-element_type=\"container\">\n\t\t\t\t<div class=\"elementor-element elementor-element-53cccc7 elementor-widget elementor-widget-heading\" data-id=\"53cccc7\" data-element_type=\"widget\" data-widget_type=\"heading.default\">\n\t\t\t\t<div class=\"elementor-widget-container\">\n\t\t\t\t\t<p class=\"elementor-heading-title elementor-size-default\"><b>Oceania<\/b>: Australia, New Zealand.<\/p>\t\t\t\t<\/div>\n\t\t\t\t<\/div>\n\t\t\t\t<\/div>\n\t\t<a class=\"elementor-element elementor-element-b951883 e-con-full listado-paises e-flex e-con e-child\" data-id=\"b951883\" data-element_type=\"container\" href=\"#link-popup\">\n\t\t\t\t<div class=\"elementor-element elementor-element-b646348 elementor-widget elementor-widget-heading\" data-id=\"b646348\" data-element_type=\"widget\" data-widget_type=\"heading.default\">\n\t\t\t\t<div class=\"elementor-widget-container\">\n\t\t\t\t\t<h2 class=\"elementor-heading-title elementor-size-default\">See full list<\/h2>\t\t\t\t<\/div>\n\t\t\t\t<\/div>\n\t\t\t\t<div class=\"elementor-element elementor-element-1671fa3 elementor-view-default elementor-widget elementor-widget-icon\" data-id=\"1671fa3\" data-element_type=\"widget\" data-widget_type=\"icon.default\">\n\t\t\t\t<div class=\"elementor-widget-container\">\n\t\t\t\t\t\t\t<div class=\"elementor-icon-wrapper\">\n\t\t\t<div class=\"elementor-icon\">\n\t\t\t<svg xmlns=\"http:\/\/www.w3.org\/2000\/svg\" width=\"16\" height=\"15\" viewbox=\"0 0 16 15\" fill=\"none\"><path d=\"M15.5707 3.55244e-05L4.33046 2.64391L12.2403 11.0563L15.5707 3.55244e-05ZM1.68501 14.4287L9.6989 6.89364L8.32888 5.43657L0.314992 12.9717L1.68501 14.4287Z\" fill=\"#ED7D31\"><\/path><\/svg>\t\t\t<\/div>\n\t\t<\/div>\n\t\t\t\t\t\t<\/div>\n\t\t\t\t<\/div>\n\t\t\t\t<\/a>\n\t\t\t\t<\/div>\n\t\t<div class=\"elementor-element elementor-element-1705d13 e-con-full e-flex e-con e-child\" data-id=\"1705d13\" data-element_type=\"container\">\n\t\t\t\t<\/div>\n\t\t\t\t\t<\/div>\n\t\t\t\t<\/div>\n\t\t\t\t<\/div>","protected":false},"excerpt":{"rendered":"<p>Soluciones de Background Screening para diversos sectores en m\u00e1s de 120 pa\u00edses. PRINCIPALES SECTORES CON LOS QUE TRABAJAMOS 01 Farmac\u00e9uticoPersonal confiable para la capacitaci\u00f3n que requiere el sector. 02 BancaVerificaciones para asegurar la integridad en el manejo financiero. 03 Servicios Financieros y de Inversi\u00f3nConfidencialidad y cumplimiento en operaciones cr\u00edticas. 04 Agencias de CastingEvaluaciones r\u00e1pidas para [&hellip;]<\/p>","protected":false},"author":1,"featured_media":0,"parent":0,"menu_order":0,"comment_status":"closed","ping_status":"closed","template":"","meta":{"footnotes":""},"class_list":["post-296","page","type-page","status-publish","hentry"],"_links":{"self":[{"href":"https:\/\/backgroundspain.entropiaweb.com\/en\/wp-json\/wp\/v2\/pages\/296","targetHints":{"allow":["GET"]}}],"collection":[{"href":"https:\/\/backgroundspain.entropiaweb.com\/en\/wp-json\/wp\/v2\/pages"}],"about":[{"href":"https:\/\/backgroundspain.entropiaweb.com\/en\/wp-json\/wp\/v2\/types\/page"}],"author":[{"embeddable":true,"href":"https:\/\/backgroundspain.entropiaweb.com\/en\/wp-json\/wp\/v2\/users\/1"}],"replies":[{"embeddable":true,"href":"https:\/\/backgroundspain.entropiaweb.com\/en\/wp-json\/wp\/v2\/comments?post=296"}],"version-history":[{"count":70,"href":"https:\/\/backgroundspain.entropiaweb.com\/en\/wp-json\/wp\/v2\/pages\/296\/revisions"}],"predecessor-version":[{"id":1429,"href":"https:\/\/backgroundspain.entropiaweb.com\/en\/wp-json\/wp\/v2\/pages\/296\/revisions\/1429"}],"wp:attachment":[{"href":"https:\/\/backgroundspain.entropiaweb.com\/en\/wp-json\/wp\/v2\/media?parent=296"}],"curies":[{"name":"wp","href":"https:\/\/api.w.org\/{rel}","templated":true}]}}