{"id":284,"date":"2025-01-08T12:51:31","date_gmt":"2025-01-08T12:51:31","guid":{"rendered":"https:\/\/backgroundspain.entropiaweb.com\/?page_id=284"},"modified":"2025-01-29T12:36:59","modified_gmt":"2025-01-29T12:36:59","slug":"servicios","status":"publish","type":"page","link":"https:\/\/backgroundspain.entropiaweb.com\/en\/services\/","title":{"rendered":"Services"},"content":{"rendered":"<div data-elementor-type=\"wp-page\" data-elementor-id=\"284\" class=\"elementor elementor-284\" data-elementor-post-type=\"page\">\n\t\t\t\t<div class=\"elementor-element elementor-element-420a4d4 banner e-flex e-con-boxed e-con e-parent\" data-id=\"420a4d4\" data-element_type=\"container\" data-settings=\"{&quot;background_background&quot;:&quot;classic&quot;}\">\n\t\t\t\t\t<div class=\"e-con-inner\">\n\t\t<div class=\"elementor-element elementor-element-831884f e-con-full e-flex e-con e-child\" data-id=\"831884f\" data-element_type=\"container\" data-settings=\"{&quot;position&quot;:&quot;absolute&quot;}\">\n\t\t\t\t<div class=\"elementor-element elementor-element-b4e4b2a deco deco-left-top elementor-widget elementor-widget-heading\" data-id=\"b4e4b2a\" data-element_type=\"widget\" data-widget_type=\"heading.default\">\n\t\t\t\t<div class=\"elementor-widget-container\">\n\t\t\t\t\t<h2 class=\"elementor-heading-title elementor-size-default\">Services of <span>verification<\/span> <br>\nof background <br>\nprofessionals<\/h2>\t\t\t\t<\/div>\n\t\t\t\t<\/div>\n\t\t\t\t<div class=\"elementor-element elementor-element-8ba13bf elementor-widget__width-initial elementor-widget elementor-widget-text-editor\" data-id=\"8ba13bf\" data-element_type=\"widget\" data-widget_type=\"text-editor.default\">\n\t\t\t\t<div class=\"elementor-widget-container\">\n\t\t\t\t\t\t\t\t\t<p>We ensure reliable hiring with customized processes and compliance with global regulations.<\/p>\t\t\t\t\t\t\t\t<\/div>\n\t\t\t\t<\/div>\n\t\t\t\t<\/div>\n\t\t\t\t\t<\/div>\n\t\t\t\t<\/div>\n\t\t<div class=\"elementor-element elementor-element-808c4f1 row1 e-flex e-con-boxed e-con e-parent\" data-id=\"808c4f1\" data-element_type=\"container\" data-settings=\"{&quot;background_background&quot;:&quot;classic&quot;}\">\n\t\t\t\t\t<div class=\"e-con-inner\">\n\t\t<div class=\"elementor-element elementor-element-aa55246 e-con-full e-flex e-con e-child\" data-id=\"aa55246\" data-element_type=\"container\">\n\t\t<div class=\"elementor-element elementor-element-0cace68 e-con-full e-flex e-con e-child\" data-id=\"0cace68\" data-element_type=\"container\">\n\t\t\t\t<div class=\"elementor-element elementor-element-5d8d73f elementor-widget elementor-widget-image\" data-id=\"5d8d73f\" data-element_type=\"widget\" data-widget_type=\"image.default\">\n\t\t\t\t<div class=\"elementor-widget-container\">\n\t\t\t\t\t\t\t\t\t\t\t\t\t\t\t<img fetchpriority=\"high\" decoding=\"async\" width=\"514\" height=\"409\" src=\"https:\/\/backgroundspain.entropiaweb.com\/wp-content\/uploads\/2025\/01\/hands-typing-keyboard-create-innovative-software-change-world-provide-completely-new-service-close-up-shot-hologram-tech-graphs-concept-dev-team-formal-wear-1.jpg\" class=\"attachment-large size-large wp-image-286\" alt=\"\" srcset=\"https:\/\/backgroundspain.entropiaweb.com\/wp-content\/uploads\/2025\/01\/hands-typing-keyboard-create-innovative-software-change-world-provide-completely-new-service-close-up-shot-hologram-tech-graphs-concept-dev-team-formal-wear-1.jpg 514w, https:\/\/backgroundspain.entropiaweb.com\/wp-content\/uploads\/2025\/01\/hands-typing-keyboard-create-innovative-software-change-world-provide-completely-new-service-close-up-shot-hologram-tech-graphs-concept-dev-team-formal-wear-1-300x239.jpg 300w, https:\/\/backgroundspain.entropiaweb.com\/wp-content\/uploads\/2025\/01\/hands-typing-keyboard-create-innovative-software-change-world-provide-completely-new-service-close-up-shot-hologram-tech-graphs-concept-dev-team-formal-wear-1-15x12.jpg 15w\" sizes=\"(max-width: 514px) 100vw, 514px\" \/>\t\t\t\t\t\t\t\t\t\t\t\t\t\t\t<\/div>\n\t\t\t\t<\/div>\n\t\t\t\t<\/div>\n\t\t<div class=\"elementor-element elementor-element-22a414e e-con-full e-flex e-con e-child\" data-id=\"22a414e\" data-element_type=\"container\">\n\t\t\t\t<div class=\"elementor-element elementor-element-77c0321 deco deco-left-top elementor-widget elementor-widget-heading\" data-id=\"77c0321\" data-element_type=\"widget\" data-widget_type=\"heading.default\">\n\t\t\t\t<div class=\"elementor-widget-container\">\n\t\t\t\t\t<h2 class=\"elementor-heading-title elementor-size-default\">BACKGROUND <br>\nSCREENING <br>\n<span>SPAIN<\/span>\n<\/h2>\t\t\t\t<\/div>\n\t\t\t\t<\/div>\n\t\t\t\t<div class=\"elementor-element elementor-element-bd7adfd elementor-widget elementor-widget-text-editor\" data-id=\"bd7adfd\" data-element_type=\"widget\" data-widget_type=\"text-editor.default\">\n\t\t\t\t<div class=\"elementor-widget-container\">\n\t\t\t\t\t\t\t\t\t<p>Our service offering is born from the perfect combination of the real needs of our clients, our constant technological innovation and our commitment to providing the most effective background screening solutions for small and large companies.<\/p><p>With our innovative and personalized approach, we help you:<\/p><p>\u00a0<\/p>\t\t\t\t\t\t\t\t<\/div>\n\t\t\t\t<\/div>\n\t\t\t\t<div class=\"elementor-element elementor-element-9a6386a elementor-widget elementor-widget-text-editor\" data-id=\"9a6386a\" data-element_type=\"widget\" data-widget_type=\"text-editor.default\">\n\t\t\t\t<div class=\"elementor-widget-container\">\n\t\t\t\t\t\t\t\t\t<ol><li><strong>\u00a0 \u00a0 Ensure the security of your company.<\/strong><\/li><li><strong>\u00a0 \u00a0Comply with local and international regulations.<\/strong><\/li><li><strong>\u00a0 \u00a0 Make informed and strategic decisions.<\/strong><\/li><\/ol>\t\t\t\t\t\t\t\t<\/div>\n\t\t\t\t<\/div>\n\t\t\t\t<\/div>\n\t\t\t\t<\/div>\n\t\t<div class=\"elementor-element elementor-element-cdab7d9 e-con-full e-flex e-con e-child\" data-id=\"cdab7d9\" data-element_type=\"container\">\n\t\t<div class=\"elementor-element elementor-element-a4c8f73 e-con-full e-flex e-con e-child\" data-id=\"a4c8f73\" data-element_type=\"container\">\n\t\t\t\t<div class=\"elementor-element elementor-element-23702da deco deco-title2 elementor-widget elementor-widget-heading\" data-id=\"23702da\" data-element_type=\"widget\" data-widget_type=\"heading.default\">\n\t\t\t\t<div class=\"elementor-widget-container\">\n\t\t\t\t\t<h2 class=\"elementor-heading-title elementor-size-default\">MAIN SERVICES<\/h2>\t\t\t\t<\/div>\n\t\t\t\t<\/div>\n\t\t\t\t<div class=\"elementor-element elementor-element-74fb79e elementor-widget elementor-widget-text-editor\" data-id=\"74fb79e\" data-element_type=\"widget\" data-widget_type=\"text-editor.default\">\n\t\t\t\t<div class=\"elementor-widget-container\">\n\t\t\t\t\t\t\t\t\t<p>The main services we offer are:<\/p>\t\t\t\t\t\t\t\t<\/div>\n\t\t\t\t<\/div>\n\t\t<div class=\"elementor-element elementor-element-b3fc0a2 e-con-full e-flex e-con e-child\" data-id=\"b3fc0a2\" data-element_type=\"container\">\n\t\t<div class=\"elementor-element elementor-element-b7be428 e-con-full e-flex e-con e-child\" data-id=\"b7be428\" data-element_type=\"container\">\n\t\t\t\t<div class=\"elementor-element elementor-element-35fc125 elementor-hidden-mobile elementor-view-default elementor-widget elementor-widget-icon\" data-id=\"35fc125\" data-element_type=\"widget\" data-widget_type=\"icon.default\">\n\t\t\t\t<div class=\"elementor-widget-container\">\n\t\t\t\t\t\t\t<div class=\"elementor-icon-wrapper\">\n\t\t\t<div class=\"elementor-icon\">\n\t\t\t<svg xmlns=\"http:\/\/www.w3.org\/2000\/svg\" width=\"17\" height=\"12\" viewbox=\"0 0 17 12\" fill=\"none\"><path d=\"M16.0613 5.83691L6.05347 0.0634155L6.06917 11.6104L16.0613 5.83691ZM0.763079 6.83691L7.06268 6.83691L7.05996 4.83691L0.760359 4.83691L0.763079 6.83691Z\" fill=\"#ED7D31\"><\/path><\/svg>\t\t\t<\/div>\n\t\t<\/div>\n\t\t\t\t\t\t<\/div>\n\t\t\t\t<\/div>\n\t\t\t\t<\/div>\n\t\t<div class=\"elementor-element elementor-element-328af63 e-con-full e-flex e-con e-child\" data-id=\"328af63\" data-element_type=\"container\">\n\t\t\t\t<div class=\"elementor-element elementor-element-fa2a796 elementor-widget elementor-widget-text-editor\" data-id=\"fa2a796\" data-element_type=\"widget\" data-widget_type=\"text-editor.default\">\n\t\t\t\t<div class=\"elementor-widget-container\">\n\t\t\t\t\t\t\t\t\t<p><strong>Identity verification and permissions<\/strong><br \/>Confirmation of identities, residence and work permits.<\/p>\t\t\t\t\t\t\t\t<\/div>\n\t\t\t\t<\/div>\n\t\t\t\t<\/div>\n\t\t\t\t<\/div>\n\t\t<div class=\"elementor-element elementor-element-689f305 e-con-full e-flex e-con e-child\" data-id=\"689f305\" data-element_type=\"container\">\n\t\t<div class=\"elementor-element elementor-element-2699b55 e-con-full e-flex e-con e-child\" data-id=\"2699b55\" data-element_type=\"container\">\n\t\t\t\t<div class=\"elementor-element elementor-element-847c379 elementor-hidden-mobile elementor-view-default elementor-widget elementor-widget-icon\" data-id=\"847c379\" data-element_type=\"widget\" data-widget_type=\"icon.default\">\n\t\t\t\t<div class=\"elementor-widget-container\">\n\t\t\t\t\t\t\t<div class=\"elementor-icon-wrapper\">\n\t\t\t<div class=\"elementor-icon\">\n\t\t\t<svg xmlns=\"http:\/\/www.w3.org\/2000\/svg\" width=\"17\" height=\"12\" viewbox=\"0 0 17 12\" fill=\"none\"><path d=\"M16.0613 5.83691L6.05347 0.0634155L6.06917 11.6104L16.0613 5.83691ZM0.763079 6.83691L7.06268 6.83691L7.05996 4.83691L0.760359 4.83691L0.763079 6.83691Z\" fill=\"#ED7D31\"><\/path><\/svg>\t\t\t<\/div>\n\t\t<\/div>\n\t\t\t\t\t\t<\/div>\n\t\t\t\t<\/div>\n\t\t\t\t<\/div>\n\t\t<div class=\"elementor-element elementor-element-4676f1c e-con-full e-flex e-con e-child\" data-id=\"4676f1c\" data-element_type=\"container\">\n\t\t\t\t<div class=\"elementor-element elementor-element-b8d3dcf elementor-widget elementor-widget-text-editor\" data-id=\"b8d3dcf\" data-element_type=\"widget\" data-widget_type=\"text-editor.default\">\n\t\t\t\t<div class=\"elementor-widget-container\">\n\t\t\t\t\t\t\t\t\t<p><strong>Academic and employment verification<\/strong><br \/>Verification of studies and professional experience at a global level.<\/p>\t\t\t\t\t\t\t\t<\/div>\n\t\t\t\t<\/div>\n\t\t\t\t<\/div>\n\t\t\t\t<\/div>\n\t\t<div class=\"elementor-element elementor-element-9d7e9f8 e-con-full e-flex e-con e-child\" data-id=\"9d7e9f8\" data-element_type=\"container\">\n\t\t<div class=\"elementor-element elementor-element-24a840b e-con-full e-flex e-con e-child\" data-id=\"24a840b\" data-element_type=\"container\">\n\t\t\t\t<div class=\"elementor-element elementor-element-4aee33e elementor-hidden-mobile elementor-view-default elementor-widget elementor-widget-icon\" data-id=\"4aee33e\" data-element_type=\"widget\" data-widget_type=\"icon.default\">\n\t\t\t\t<div class=\"elementor-widget-container\">\n\t\t\t\t\t\t\t<div class=\"elementor-icon-wrapper\">\n\t\t\t<div class=\"elementor-icon\">\n\t\t\t<svg xmlns=\"http:\/\/www.w3.org\/2000\/svg\" width=\"17\" height=\"12\" viewbox=\"0 0 17 12\" fill=\"none\"><path d=\"M16.0613 5.83691L6.05347 0.0634155L6.06917 11.6104L16.0613 5.83691ZM0.763079 6.83691L7.06268 6.83691L7.05996 4.83691L0.760359 4.83691L0.763079 6.83691Z\" fill=\"#ED7D31\"><\/path><\/svg>\t\t\t<\/div>\n\t\t<\/div>\n\t\t\t\t\t\t<\/div>\n\t\t\t\t<\/div>\n\t\t\t\t<\/div>\n\t\t<div class=\"elementor-element elementor-element-3a0feaa e-con-full e-flex e-con e-child\" data-id=\"3a0feaa\" data-element_type=\"container\">\n\t\t\t\t<div class=\"elementor-element elementor-element-29324eb elementor-widget elementor-widget-text-editor\" data-id=\"29324eb\" data-element_type=\"widget\" data-widget_type=\"text-editor.default\">\n\t\t\t\t<div class=\"elementor-widget-container\">\n\t\t\t\t\t\t\t\t\t<p><strong>Criminal and civil records<\/strong><br \/>Review of compliance with legal requirements.<\/p>\t\t\t\t\t\t\t\t<\/div>\n\t\t\t\t<\/div>\n\t\t\t\t<\/div>\n\t\t\t\t<\/div>\n\t\t<div class=\"elementor-element elementor-element-ffbb5c9 e-con-full e-flex e-con e-child\" data-id=\"ffbb5c9\" data-element_type=\"container\">\n\t\t<div class=\"elementor-element elementor-element-934286b e-con-full e-flex e-con e-child\" data-id=\"934286b\" data-element_type=\"container\">\n\t\t\t\t<div class=\"elementor-element elementor-element-4b05ac4 elementor-hidden-mobile elementor-view-default elementor-widget elementor-widget-icon\" data-id=\"4b05ac4\" data-element_type=\"widget\" data-widget_type=\"icon.default\">\n\t\t\t\t<div class=\"elementor-widget-container\">\n\t\t\t\t\t\t\t<div class=\"elementor-icon-wrapper\">\n\t\t\t<div class=\"elementor-icon\">\n\t\t\t<svg xmlns=\"http:\/\/www.w3.org\/2000\/svg\" width=\"17\" height=\"12\" viewbox=\"0 0 17 12\" fill=\"none\"><path d=\"M16.0613 5.83691L6.05347 0.0634155L6.06917 11.6104L16.0613 5.83691ZM0.763079 6.83691L7.06268 6.83691L7.05996 4.83691L0.760359 4.83691L0.763079 6.83691Z\" fill=\"#ED7D31\"><\/path><\/svg>\t\t\t<\/div>\n\t\t<\/div>\n\t\t\t\t\t\t<\/div>\n\t\t\t\t<\/div>\n\t\t\t\t<\/div>\n\t\t<div class=\"elementor-element elementor-element-ba3630c e-con-full e-flex e-con e-child\" data-id=\"ba3630c\" data-element_type=\"container\">\n\t\t\t\t<div class=\"elementor-element elementor-element-71041b0 elementor-widget elementor-widget-text-editor\" data-id=\"71041b0\" data-element_type=\"widget\" data-widget_type=\"text-editor.default\">\n\t\t\t\t<div class=\"elementor-widget-container\">\n\t\t\t\t\t\t\t\t\t<p><strong>Personal and professional references<\/strong><br \/>Verification to ensure the suitability of the candidate.<\/p>\t\t\t\t\t\t\t\t<\/div>\n\t\t\t\t<\/div>\n\t\t\t\t<\/div>\n\t\t\t\t<\/div>\n\t\t<div class=\"elementor-element elementor-element-2f9ac74 e-con-full e-flex e-con e-child\" data-id=\"2f9ac74\" data-element_type=\"container\">\n\t\t<div class=\"elementor-element elementor-element-d5be580 e-con-full e-flex e-con e-child\" data-id=\"d5be580\" data-element_type=\"container\">\n\t\t\t\t<div class=\"elementor-element elementor-element-bbe89e8 elementor-hidden-mobile elementor-view-default elementor-widget elementor-widget-icon\" data-id=\"bbe89e8\" data-element_type=\"widget\" data-widget_type=\"icon.default\">\n\t\t\t\t<div class=\"elementor-widget-container\">\n\t\t\t\t\t\t\t<div class=\"elementor-icon-wrapper\">\n\t\t\t<div class=\"elementor-icon\">\n\t\t\t<svg xmlns=\"http:\/\/www.w3.org\/2000\/svg\" width=\"17\" height=\"12\" viewbox=\"0 0 17 12\" fill=\"none\"><path d=\"M16.0613 5.83691L6.05347 0.0634155L6.06917 11.6104L16.0613 5.83691ZM0.763079 6.83691L7.06268 6.83691L7.05996 4.83691L0.760359 4.83691L0.763079 6.83691Z\" fill=\"#ED7D31\"><\/path><\/svg>\t\t\t<\/div>\n\t\t<\/div>\n\t\t\t\t\t\t<\/div>\n\t\t\t\t<\/div>\n\t\t\t\t<\/div>\n\t\t<div class=\"elementor-element elementor-element-0f11dec e-con-full e-flex e-con e-child\" data-id=\"0f11dec\" data-element_type=\"container\">\n\t\t\t\t<div class=\"elementor-element elementor-element-5e3e3dd elementor-widget elementor-widget-text-editor\" data-id=\"5e3e3dd\" data-element_type=\"widget\" data-widget_type=\"text-editor.default\">\n\t\t\t\t<div class=\"elementor-widget-container\">\n\t\t\t\t\t\t\t\t\t<p><strong>Credit Reports and Conflict of Interest Analysis<\/strong><br \/>Key information to support hiring decisions.<\/p><p><strong>Request more information about background screening services here<\/strong>: <a href=\"https:\/\/backgroundspain.entropiaweb.com\/en\/#contacto\">info@backgroundspain.com<\/a><\/p>\t\t\t\t\t\t\t\t<\/div>\n\t\t\t\t<\/div>\n\t\t\t\t<\/div>\n\t\t\t\t<\/div>\n\t\t\t\t<\/div>\n\t\t<div class=\"elementor-element elementor-element-6f843e7 e-con-full e-flex e-con e-child\" data-id=\"6f843e7\" data-element_type=\"container\">\n\t\t\t\t<div class=\"elementor-element elementor-element-53127fe elementor-widget elementor-widget-image\" data-id=\"53127fe\" data-element_type=\"widget\" data-widget_type=\"image.default\">\n\t\t\t\t<div class=\"elementor-widget-container\">\n\t\t\t\t\t\t\t\t\t\t\t\t\t\t\t<img decoding=\"async\" width=\"514\" height=\"409\" src=\"https:\/\/backgroundspain.entropiaweb.com\/wp-content\/uploads\/2025\/01\/personalization-strategy-marketing-concept-increase-engagement-drive-sales-collecting-data-analyzing-creating-experiences-each-customer-1.jpg\" class=\"attachment-large size-large wp-image-287\" alt=\"\" srcset=\"https:\/\/backgroundspain.entropiaweb.com\/wp-content\/uploads\/2025\/01\/personalization-strategy-marketing-concept-increase-engagement-drive-sales-collecting-data-analyzing-creating-experiences-each-customer-1.jpg 514w, https:\/\/backgroundspain.entropiaweb.com\/wp-content\/uploads\/2025\/01\/personalization-strategy-marketing-concept-increase-engagement-drive-sales-collecting-data-analyzing-creating-experiences-each-customer-1-300x239.jpg 300w, https:\/\/backgroundspain.entropiaweb.com\/wp-content\/uploads\/2025\/01\/personalization-strategy-marketing-concept-increase-engagement-drive-sales-collecting-data-analyzing-creating-experiences-each-customer-1-15x12.jpg 15w\" sizes=\"(max-width: 514px) 100vw, 514px\" \/>\t\t\t\t\t\t\t\t\t\t\t\t\t\t\t<\/div>\n\t\t\t\t<\/div>\n\t\t\t\t<\/div>\n\t\t\t\t<\/div>\n\t\t\t\t\t<\/div>\n\t\t\t\t<\/div>\n\t\t<div class=\"elementor-element elementor-element-ec3b8c5 row2 e-flex e-con-boxed e-con e-parent\" data-id=\"ec3b8c5\" data-element_type=\"container\" data-settings=\"{&quot;background_background&quot;:&quot;classic&quot;}\">\n\t\t\t\t\t<div class=\"e-con-inner\">\n\t\t<div class=\"elementor-element elementor-element-1705d13 e-con-full e-flex e-con e-child\" data-id=\"1705d13\" data-element_type=\"container\">\n\t\t\t\t<\/div>\n\t\t<div class=\"elementor-element elementor-element-b113c7e e-con-full e-flex e-con e-child\" data-id=\"b113c7e\" data-element_type=\"container\">\n\t\t\t\t<div class=\"elementor-element elementor-element-298eb4b deco deco-left-top elementor-widget elementor-widget-heading\" data-id=\"298eb4b\" data-element_type=\"widget\" data-widget_type=\"heading.default\">\n\t\t\t\t<div class=\"elementor-widget-container\">\n\t\t\t\t\t<h2 class=\"elementor-heading-title elementor-size-default\">SERVICES <br>\nSPECIALIZED<\/h2>\t\t\t\t<\/div>\n\t\t\t\t<\/div>\n\t\t\t\t<div class=\"elementor-element elementor-element-f331ed7 elementor-widget elementor-widget-text-editor\" data-id=\"f331ed7\" data-element_type=\"widget\" data-widget_type=\"text-editor.default\">\n\t\t\t\t<div class=\"elementor-widget-container\">\n\t\t\t\t\t\t\t\t\t<p>Solutions designed to adapt to the needs of each client.<\/p>\t\t\t\t\t\t\t\t<\/div>\n\t\t\t\t<\/div>\n\t\t<a class=\"elementor-element elementor-element-e9d7f38 e-con-full e-flex e-con e-child\" data-id=\"e9d7f38\" data-element_type=\"container\" href=\"\/en\/in-employment-screening\/\">\n\t\t\t\t<div class=\"elementor-element elementor-element-e88270d elementor-widget elementor-widget-heading\" data-id=\"e88270d\" data-element_type=\"widget\" data-widget_type=\"heading.default\">\n\t\t\t\t<div class=\"elementor-widget-container\">\n\t\t\t\t\t<p class=\"elementor-heading-title elementor-size-default\">Pre-employment screening<\/p>\t\t\t\t<\/div>\n\t\t\t\t<\/div>\n\t\t\t\t<div class=\"elementor-element elementor-element-a2fd457 elementor-view-default elementor-widget elementor-widget-icon\" data-id=\"a2fd457\" data-element_type=\"widget\" data-widget_type=\"icon.default\">\n\t\t\t\t<div class=\"elementor-widget-container\">\n\t\t\t\t\t\t\t<div class=\"elementor-icon-wrapper\">\n\t\t\t<div class=\"elementor-icon\">\n\t\t\t<svg xmlns=\"http:\/\/www.w3.org\/2000\/svg\" width=\"16\" height=\"15\" viewbox=\"0 0 16 15\" fill=\"none\"><path d=\"M15.5707 3.55244e-05L4.33046 2.64391L12.2403 11.0563L15.5707 3.55244e-05ZM1.68501 14.4287L9.6989 6.89364L8.32888 5.43657L0.314992 12.9717L1.68501 14.4287Z\" fill=\"#ED7D31\"><\/path><\/svg>\t\t\t<\/div>\n\t\t<\/div>\n\t\t\t\t\t\t<\/div>\n\t\t\t\t<\/div>\n\t\t\t\t<\/a>\n\t\t<a class=\"elementor-element elementor-element-eb3812e e-con-full e-flex e-con e-child\" data-id=\"eb3812e\" data-element_type=\"container\" href=\"\/en\/background-screening-of-employees-in-employment-screening\/\">\n\t\t\t\t<div class=\"elementor-element elementor-element-a8f9cff elementor-widget elementor-widget-heading\" data-id=\"a8f9cff\" data-element_type=\"widget\" data-widget_type=\"heading.default\">\n\t\t\t\t<div class=\"elementor-widget-container\">\n\t\t\t\t\t<p class=\"elementor-heading-title elementor-size-default\">In-employment screening<\/p>\t\t\t\t<\/div>\n\t\t\t\t<\/div>\n\t\t\t\t<div class=\"elementor-element elementor-element-5d10b63 elementor-view-default elementor-widget elementor-widget-icon\" data-id=\"5d10b63\" data-element_type=\"widget\" data-widget_type=\"icon.default\">\n\t\t\t\t<div class=\"elementor-widget-container\">\n\t\t\t\t\t\t\t<div class=\"elementor-icon-wrapper\">\n\t\t\t<div class=\"elementor-icon\">\n\t\t\t<svg xmlns=\"http:\/\/www.w3.org\/2000\/svg\" width=\"16\" height=\"15\" viewbox=\"0 0 16 15\" fill=\"none\"><path d=\"M15.5707 3.55244e-05L4.33046 2.64391L12.2403 11.0563L15.5707 3.55244e-05ZM1.68501 14.4287L9.6989 6.89364L8.32888 5.43657L0.314992 12.9717L1.68501 14.4287Z\" fill=\"#ED7D31\"><\/path><\/svg>\t\t\t<\/div>\n\t\t<\/div>\n\t\t\t\t\t\t<\/div>\n\t\t\t\t<\/div>\n\t\t\t\t<\/a>\n\t\t\t\t<\/div>\n\t\t\t\t\t<\/div>\n\t\t\t\t<\/div>\n\t\t\t\t<\/div>","protected":false},"excerpt":{"rendered":"<p>Servicios de verificaci\u00f3n de antecedentes profesionales Aseguramos contrataciones confiables con procesos personalizados y cumpliendo las normativas globales. BACKGROUND SCREENING SPAIN Nuestra oferta de servicios nace de la combinaci\u00f3n perfecta entre las necesidades reales de nuestros clientes, nuestra constante innovaci\u00f3n tecnol\u00f3gica y nuestro compromiso por brindar las soluciones m\u00e1s efectivas en background screening para peque\u00f1as y [&hellip;]<\/p>","protected":false},"author":1,"featured_media":0,"parent":0,"menu_order":0,"comment_status":"closed","ping_status":"closed","template":"","meta":{"footnotes":""},"class_list":["post-284","page","type-page","status-publish","hentry"],"_links":{"self":[{"href":"https:\/\/backgroundspain.entropiaweb.com\/en\/wp-json\/wp\/v2\/pages\/284","targetHints":{"allow":["GET"]}}],"collection":[{"href":"https:\/\/backgroundspain.entropiaweb.com\/en\/wp-json\/wp\/v2\/pages"}],"about":[{"href":"https:\/\/backgroundspain.entropiaweb.com\/en\/wp-json\/wp\/v2\/types\/page"}],"author":[{"embeddable":true,"href":"https:\/\/backgroundspain.entropiaweb.com\/en\/wp-json\/wp\/v2\/users\/1"}],"replies":[{"embeddable":true,"href":"https:\/\/backgroundspain.entropiaweb.com\/en\/wp-json\/wp\/v2\/comments?post=284"}],"version-history":[{"count":72,"href":"https:\/\/backgroundspain.entropiaweb.com\/en\/wp-json\/wp\/v2\/pages\/284\/revisions"}],"predecessor-version":[{"id":1421,"href":"https:\/\/backgroundspain.entropiaweb.com\/en\/wp-json\/wp\/v2\/pages\/284\/revisions\/1421"}],"wp:attachment":[{"href":"https:\/\/backgroundspain.entropiaweb.com\/en\/wp-json\/wp\/v2\/media?parent=284"}],"curies":[{"name":"wp","href":"https:\/\/api.w.org\/{rel}","templated":true}]}}