{"id":244,"date":"2025-01-07T14:42:44","date_gmt":"2025-01-07T14:42:44","guid":{"rendered":"https:\/\/backgroundspain.entropiaweb.com\/?page_id=244"},"modified":"2025-01-30T11:00:28","modified_gmt":"2025-01-30T11:00:28","slug":"nosotros","status":"publish","type":"page","link":"https:\/\/backgroundspain.entropiaweb.com\/en\/us\/","title":{"rendered":"About Us"},"content":{"rendered":"<div data-elementor-type=\"wp-page\" data-elementor-id=\"244\" class=\"elementor elementor-244\" data-elementor-post-type=\"page\">\n\t\t\t\t<div class=\"elementor-element elementor-element-6741f7e e-flex e-con-boxed e-con e-parent\" data-id=\"6741f7e\" data-element_type=\"container\" data-settings=\"{&quot;background_background&quot;:&quot;classic&quot;}\">\n\t\t\t\t\t<div class=\"e-con-inner\">\n\t\t\t\t<div class=\"elementor-element elementor-element-acefc1e elementor-widget__width-initial elementor-absolute deco deco-home deco-about elementor-widget elementor-widget-heading\" data-id=\"acefc1e\" data-element_type=\"widget\" data-settings=\"{&quot;_position&quot;:&quot;absolute&quot;}\" data-widget_type=\"heading.default\">\n\t\t\t\t<div class=\"elementor-widget-container\">\n\t\t\t\t\t<h2 class=\"elementor-heading-title elementor-size-default\">Background Spain <br>\na company of <br>\n<span>Gat Group<\/span><\/h2>\t\t\t\t<\/div>\n\t\t\t\t<\/div>\n\t\t\t\t\t<\/div>\n\t\t\t\t<\/div>\n\t\t<div class=\"elementor-element elementor-element-d9505c8 e-con-full e-flex e-con e-parent\" data-id=\"d9505c8\" data-element_type=\"container\">\n\t\t<div class=\"elementor-element elementor-element-c090f8c e-con-full e-flex e-con e-child\" data-id=\"c090f8c\" data-element_type=\"container\" data-settings=\"{&quot;background_background&quot;:&quot;classic&quot;}\">\n\t\t\t\t<\/div>\n\t\t<div class=\"elementor-element elementor-element-6b044fd e-con-full deco-big e-flex e-con e-child\" data-id=\"6b044fd\" data-element_type=\"container\">\n\t\t\t\t<div class=\"elementor-element elementor-element-b61b567 deco-img elementor-widget elementor-widget-text-editor\" data-id=\"b61b567\" data-element_type=\"widget\" data-widget_type=\"text-editor.default\">\n\t\t\t\t<div class=\"elementor-widget-container\">\n\t\t\t\t\t\t\t\t\t<p>At Background Spain, we are leaders in employment background verification, identity and compliance solutions, with more than 25 years of experience helping companies of all sizes make informed and responsible decisions in their hiring processes.<\/p><p>From our headquarters in Madrid, Spain, we operate in more than 120 countries and territories, ensuring global regulatory compliance and personalized services that adapt to the specific needs of each client.<\/p>\t\t\t\t\t\t\t\t<\/div>\n\t\t\t\t<\/div>\n\t\t<a class=\"elementor-element elementor-element-0b31969 e-con-full e-flex e-con e-child\" data-id=\"0b31969\" data-element_type=\"container\" href=\"https:\/\/www.grupogat.com\/\" target=\"_blank\">\n\t\t\t\t<div class=\"elementor-element elementor-element-69310f0 elementor-widget elementor-widget-heading\" data-id=\"69310f0\" data-element_type=\"widget\" data-widget_type=\"heading.default\">\n\t\t\t\t<div class=\"elementor-widget-container\">\n\t\t\t\t\t<h2 class=\"elementor-heading-title elementor-size-default\">Learn more<\/h2>\t\t\t\t<\/div>\n\t\t\t\t<\/div>\n\t\t\t\t<div class=\"elementor-element elementor-element-c678794 elementor-view-default elementor-widget elementor-widget-icon\" data-id=\"c678794\" data-element_type=\"widget\" data-widget_type=\"icon.default\">\n\t\t\t\t<div class=\"elementor-widget-container\">\n\t\t\t\t\t\t\t<div class=\"elementor-icon-wrapper\">\n\t\t\t<div class=\"elementor-icon\">\n\t\t\t<svg xmlns=\"http:\/\/www.w3.org\/2000\/svg\" width=\"16\" height=\"15\" viewbox=\"0 0 16 15\" fill=\"none\"><path d=\"M15.5707 3.55244e-05L4.33046 2.64391L12.2403 11.0563L15.5707 3.55244e-05ZM1.68501 14.4287L9.6989 6.89364L8.32888 5.43657L0.314992 12.9717L1.68501 14.4287Z\" fill=\"#ED7D31\"><\/path><\/svg>\t\t\t<\/div>\n\t\t<\/div>\n\t\t\t\t\t\t<\/div>\n\t\t\t\t<\/div>\n\t\t\t\t<\/a>\n\t\t\t\t<\/div>\n\t\t\t\t<\/div>\n\t\t<div class=\"elementor-element elementor-element-b50534f e-flex e-con-boxed e-con e-parent\" data-id=\"b50534f\" data-element_type=\"container\">\n\t\t\t\t\t<div class=\"e-con-inner\">\n\t\t<div class=\"elementor-element elementor-element-5c02b01 e-con-full e-flex e-con e-child\" data-id=\"5c02b01\" data-element_type=\"container\">\n\t\t\t\t<div class=\"elementor-element elementor-element-8d77ac5 elementor-widget elementor-widget-heading\" data-id=\"8d77ac5\" data-element_type=\"widget\" data-widget_type=\"heading.default\">\n\t\t\t\t<div class=\"elementor-widget-container\">\n\t\t\t\t\t<h2 class=\"elementor-heading-title elementor-size-default\"><span>M<\/span>ISION<\/h2>\t\t\t\t<\/div>\n\t\t\t\t<\/div>\n\t\t\t\t<div class=\"elementor-element elementor-element-eddf2cf elementor-widget elementor-widget-text-editor\" data-id=\"eddf2cf\" data-element_type=\"widget\" data-widget_type=\"text-editor.default\">\n\t\t\t\t<div class=\"elementor-widget-container\">\n\t\t\t\t\t\t\t\t\t<p>Prevent risks in contracting, ensure regulatory compliance and protect business reputation. <br \/>We offer innovative background screening solutions that optimize selection processes and create safer work environments.<\/p>\t\t\t\t\t\t\t\t<\/div>\n\t\t\t\t<\/div>\n\t\t\t\t<\/div>\n\t\t<div class=\"elementor-element elementor-element-ed5d7d2 e-con-full e-flex e-con e-child\" data-id=\"ed5d7d2\" data-element_type=\"container\">\n\t\t\t\t<div class=\"elementor-element elementor-element-6c9d87a elementor-widget elementor-widget-heading\" data-id=\"6c9d87a\" data-element_type=\"widget\" data-widget_type=\"heading.default\">\n\t\t\t\t<div class=\"elementor-widget-container\">\n\t\t\t\t\t<h2 class=\"elementor-heading-title elementor-size-default\"><span>V<\/span>ISION<\/h2>\t\t\t\t<\/div>\n\t\t\t\t<\/div>\n\t\t\t\t<div class=\"elementor-element elementor-element-0f7fc71 elementor-widget elementor-widget-text-editor\" data-id=\"0f7fc71\" data-element_type=\"widget\" data-widget_type=\"text-editor.default\">\n\t\t\t\t<div class=\"elementor-widget-container\">\n\t\t\t\t\t\t\t\t\t<p>To become a strategic ally for global companies, helping them make informed decisions, solve critical challenges and remain competitive through reliable information and effective processes.<\/p>\t\t\t\t\t\t\t\t<\/div>\n\t\t\t\t<\/div>\n\t\t\t\t<\/div>\n\t\t<div class=\"elementor-element elementor-element-7fd4444 e-con-full e-flex e-con e-child\" data-id=\"7fd4444\" data-element_type=\"container\">\n\t\t\t\t<div class=\"elementor-element elementor-element-6f87f08 elementor-widget elementor-widget-heading\" data-id=\"6f87f08\" data-element_type=\"widget\" data-widget_type=\"heading.default\">\n\t\t\t\t<div class=\"elementor-widget-container\">\n\t\t\t\t\t<h2 class=\"elementor-heading-title elementor-size-default\"><span>V<\/span>ALUES<\/h2>\t\t\t\t<\/div>\n\t\t\t\t<\/div>\n\t\t\t\t<div class=\"elementor-element elementor-element-feb071d elementor-widget elementor-widget-text-editor\" data-id=\"feb071d\" data-element_type=\"widget\" data-widget_type=\"text-editor.default\">\n\t\t\t\t<div class=\"elementor-widget-container\">\n\t\t\t\t\t\t\t\t\t<p>We prioritize excellence in every process, adapting to our clients&#039; needs with customized solutions. We promote confidentiality, ethics and sustainability to create relationships based on trust and respect.<\/p>\t\t\t\t\t\t\t\t<\/div>\n\t\t\t\t<\/div>\n\t\t\t\t<\/div>\n\t\t\t\t\t<\/div>\n\t\t\t\t<\/div>\n\t\t<div class=\"elementor-element elementor-element-8e5fdb2 row4 e-flex e-con-boxed e-con e-parent\" data-id=\"8e5fdb2\" data-element_type=\"container\" id=\"compromiso-excelencia-etica\" data-settings=\"{&quot;background_background&quot;:&quot;classic&quot;}\">\n\t\t\t\t\t<div class=\"e-con-inner\">\n\t\t<div class=\"elementor-element elementor-element-1f89d51 e-con-full e-flex e-con e-child\" data-id=\"1f89d51\" data-element_type=\"container\">\n\t\t\t\t<div class=\"elementor-element elementor-element-4787fee deco deco-left-top elementor-widget elementor-widget-heading\" data-id=\"4787fee\" data-element_type=\"widget\" data-widget_type=\"heading.default\">\n\t\t\t\t<div class=\"elementor-widget-container\">\n\t\t\t\t\t<h2 class=\"elementor-heading-title elementor-size-default\">COMMITMENT TO THE <br>EXCELLENCE AND ETHICS<\/h2>\t\t\t\t<\/div>\n\t\t\t\t<\/div>\n\t\t\t\t<div class=\"elementor-element elementor-element-3eab390 elementor-widget elementor-widget-text-editor\" data-id=\"3eab390\" data-element_type=\"widget\" data-widget_type=\"text-editor.default\">\n\t\t\t\t<div class=\"elementor-widget-container\">\n\t\t\t\t\t\t\t\t\t<p>At GAT Group, we are guided by an unwavering commitment to legality, ethics and excellence. We comply with international standards such as ISO 27001 and ISO 9001, applying a Code of Ethics that inspires every decision and business practice.<\/p><p>We prioritize confidentiality, transparency and integrity, ensuring that our services meet the highest expectations.<\/p><p>We value long-lasting relationships based on mutual respect and promote diversity, sustainability and work-life balance.<\/p><p>Our culture not only defines how we work, but also who we are: a trusted partner that operates with integrity, innovation and respect for society and the environment.<\/p>\t\t\t\t\t\t\t\t<\/div>\n\t\t\t\t<\/div>\n\t\t\t\t<\/div>\n\t\t<div class=\"elementor-element elementor-element-df17617 e-con-full e-flex e-con e-child\" data-id=\"df17617\" data-element_type=\"container\">\n\t\t\t\t<\/div>\n\t\t\t\t\t<\/div>\n\t\t\t\t<\/div>\n\t\t<div class=\"elementor-element elementor-element-d98b33f row5 e-flex e-con-boxed e-con e-parent\" data-id=\"d98b33f\" data-element_type=\"container\">\n\t\t\t\t\t<div class=\"e-con-inner\">\n\t\t<div class=\"elementor-element elementor-element-b8de9da e-con-full e-flex e-con e-child\" data-id=\"b8de9da\" data-element_type=\"container\">\n\t\t\t\t<div class=\"elementor-element elementor-element-39811db elementor-widget elementor-widget-heading\" data-id=\"39811db\" data-element_type=\"widget\" data-widget_type=\"heading.default\">\n\t\t\t\t<div class=\"elementor-widget-container\">\n\t\t\t\t\t<h2 class=\"elementor-heading-title elementor-size-default\">WHY CHOOSE <br>\nBACKGROUND <span>S<\/span>PAIN<\/h2>\t\t\t\t<\/div>\n\t\t\t\t<\/div>\n\t\t<div class=\"elementor-element elementor-element-2338383 e-con-full e-flex e-con e-child\" data-id=\"2338383\" data-element_type=\"container\">\n\t\t\t\t<div class=\"elementor-element elementor-element-eea71dd elementor-widget elementor-widget-heading\" data-id=\"eea71dd\" data-element_type=\"widget\" data-widget_type=\"heading.default\">\n\t\t\t\t<div class=\"elementor-widget-container\">\n\t\t\t\t\t<h2 class=\"elementor-heading-title elementor-size-default\">01<\/h2>\t\t\t\t<\/div>\n\t\t\t\t<\/div>\n\t\t<div class=\"elementor-element elementor-element-b696e93 e-con-full e-flex e-con e-child\" data-id=\"b696e93\" data-element_type=\"container\">\n\t\t\t\t<div class=\"elementor-element elementor-element-bba75e1 elementor-widget elementor-widget-heading\" data-id=\"bba75e1\" data-element_type=\"widget\" data-widget_type=\"heading.default\">\n\t\t\t\t<div class=\"elementor-widget-container\">\n\t\t\t\t\t<h2 class=\"elementor-heading-title elementor-size-default\">Global presence with local compliance<\/h2>\t\t\t\t<\/div>\n\t\t\t\t<\/div>\n\t\t\t\t<div class=\"elementor-element elementor-element-8401cee elementor-widget elementor-widget-text-editor\" data-id=\"8401cee\" data-element_type=\"widget\" data-widget_type=\"text-editor.default\">\n\t\t\t\t<div class=\"elementor-widget-container\">\n\t\t\t\t\t\t\t\t\t<p>We understand country-specific regulations to ensure a compliant and risk-free process.<\/p>\t\t\t\t\t\t\t\t<\/div>\n\t\t\t\t<\/div>\n\t\t\t\t<\/div>\n\t\t\t\t<\/div>\n\t\t<div class=\"elementor-element elementor-element-b3f83d8 e-con-full e-flex e-con e-child\" data-id=\"b3f83d8\" data-element_type=\"container\">\n\t\t\t\t<div class=\"elementor-element elementor-element-e06d994 elementor-widget elementor-widget-heading\" data-id=\"e06d994\" data-element_type=\"widget\" data-widget_type=\"heading.default\">\n\t\t\t\t<div class=\"elementor-widget-container\">\n\t\t\t\t\t<h2 class=\"elementor-heading-title elementor-size-default\">02<\/h2>\t\t\t\t<\/div>\n\t\t\t\t<\/div>\n\t\t<div class=\"elementor-element elementor-element-3a5e3cd e-con-full e-flex e-con e-child\" data-id=\"3a5e3cd\" data-element_type=\"container\">\n\t\t\t\t<div class=\"elementor-element elementor-element-c79f183 elementor-widget elementor-widget-heading\" data-id=\"c79f183\" data-element_type=\"widget\" data-widget_type=\"heading.default\">\n\t\t\t\t<div class=\"elementor-widget-container\">\n\t\t\t\t\t<h2 class=\"elementor-heading-title elementor-size-default\">Advanced technology<\/h2>\t\t\t\t<\/div>\n\t\t\t\t<\/div>\n\t\t\t\t<div class=\"elementor-element elementor-element-f9d9160 elementor-widget elementor-widget-text-editor\" data-id=\"f9d9160\" data-element_type=\"widget\" data-widget_type=\"text-editor.default\">\n\t\t\t\t<div class=\"elementor-widget-container\">\n\t\t\t\t\t\t\t\t\t<p>We use flexible and integrated tools that optimize verification processes.<\/p>\t\t\t\t\t\t\t\t<\/div>\n\t\t\t\t<\/div>\n\t\t\t\t<\/div>\n\t\t\t\t<\/div>\n\t\t<div class=\"elementor-element elementor-element-a836483 e-con-full e-flex e-con e-child\" data-id=\"a836483\" data-element_type=\"container\">\n\t\t\t\t<div class=\"elementor-element elementor-element-eb9aa01 elementor-widget elementor-widget-heading\" data-id=\"eb9aa01\" data-element_type=\"widget\" data-widget_type=\"heading.default\">\n\t\t\t\t<div class=\"elementor-widget-container\">\n\t\t\t\t\t<h2 class=\"elementor-heading-title elementor-size-default\">03<\/h2>\t\t\t\t<\/div>\n\t\t\t\t<\/div>\n\t\t<div class=\"elementor-element elementor-element-cad6711 e-con-full e-flex e-con e-child\" data-id=\"cad6711\" data-element_type=\"container\">\n\t\t\t\t<div class=\"elementor-element elementor-element-c6086fc elementor-widget elementor-widget-heading\" data-id=\"c6086fc\" data-element_type=\"widget\" data-widget_type=\"heading.default\">\n\t\t\t\t<div class=\"elementor-widget-container\">\n\t\t\t\t\t<h2 class=\"elementor-heading-title elementor-size-default\">Personalized attention<\/h2>\t\t\t\t<\/div>\n\t\t\t\t<\/div>\n\t\t\t\t<div class=\"elementor-element elementor-element-a94d634 elementor-widget elementor-widget-text-editor\" data-id=\"a94d634\" data-element_type=\"widget\" data-widget_type=\"text-editor.default\">\n\t\t\t\t<div class=\"elementor-widget-container\">\n\t\t\t\t\t\t\t\t\t<p>Our highly trained team works with you to develop customized solutions.<\/p>\t\t\t\t\t\t\t\t<\/div>\n\t\t\t\t<\/div>\n\t\t\t\t<\/div>\n\t\t\t\t<\/div>\n\t\t\t\t<\/div>\n\t\t<div class=\"elementor-element elementor-element-257a422 e-con-full e-flex e-con e-child\" data-id=\"257a422\" data-element_type=\"container\">\n\t\t<div class=\"elementor-element elementor-element-683ac6f e-con-full e-flex e-con e-child\" data-id=\"683ac6f\" data-element_type=\"container\">\n\t\t\t\t<div class=\"elementor-element elementor-element-1b37e19 elementor-widget elementor-widget-heading\" data-id=\"1b37e19\" data-element_type=\"widget\" data-widget_type=\"heading.default\">\n\t\t\t\t<div class=\"elementor-widget-container\">\n\t\t\t\t\t<h2 class=\"elementor-heading-title elementor-size-default\">04<\/h2>\t\t\t\t<\/div>\n\t\t\t\t<\/div>\n\t\t<div class=\"elementor-element elementor-element-a101f9a e-con-full e-flex e-con e-child\" data-id=\"a101f9a\" data-element_type=\"container\">\n\t\t\t\t<div class=\"elementor-element elementor-element-4a3653e elementor-widget elementor-widget-heading\" data-id=\"4a3653e\" data-element_type=\"widget\" data-widget_type=\"heading.default\">\n\t\t\t\t<div class=\"elementor-widget-container\">\n\t\t\t\t\t<h2 class=\"elementor-heading-title elementor-size-default\">Effectiveness\u200b<\/h2>\t\t\t\t<\/div>\n\t\t\t\t<\/div>\n\t\t\t\t<div class=\"elementor-element elementor-element-4aa8974 elementor-widget elementor-widget-text-editor\" data-id=\"4aa8974\" data-element_type=\"widget\" data-widget_type=\"text-editor.default\">\n\t\t\t\t<div class=\"elementor-widget-container\">\n\t\t\t\t\t\t\t\t\t<p>Our flexibility and tailored services enable our clients to find the solution they need.\u00a0<\/p>\t\t\t\t\t\t\t\t<\/div>\n\t\t\t\t<\/div>\n\t\t\t\t<\/div>\n\t\t\t\t<\/div>\n\t\t<div class=\"elementor-element elementor-element-66b6a46 e-con-full e-flex e-con e-child\" data-id=\"66b6a46\" data-element_type=\"container\">\n\t\t\t\t<div class=\"elementor-element elementor-element-b7417e9 elementor-widget elementor-widget-heading\" data-id=\"b7417e9\" data-element_type=\"widget\" data-widget_type=\"heading.default\">\n\t\t\t\t<div class=\"elementor-widget-container\">\n\t\t\t\t\t<h2 class=\"elementor-heading-title elementor-size-default\">05<\/h2>\t\t\t\t<\/div>\n\t\t\t\t<\/div>\n\t\t<div class=\"elementor-element elementor-element-e10d586 e-con-full e-flex e-con e-child\" data-id=\"e10d586\" data-element_type=\"container\">\n\t\t\t\t<div class=\"elementor-element elementor-element-e251076 elementor-widget elementor-widget-heading\" data-id=\"e251076\" data-element_type=\"widget\" data-widget_type=\"heading.default\">\n\t\t\t\t<div class=\"elementor-widget-container\">\n\t\t\t\t\t<h2 class=\"elementor-heading-title elementor-size-default\">Personalized attention<\/h2>\t\t\t\t<\/div>\n\t\t\t\t<\/div>\n\t\t\t\t<div class=\"elementor-element elementor-element-b02a396 elementor-widget elementor-widget-text-editor\" data-id=\"b02a396\" data-element_type=\"widget\" data-widget_type=\"text-editor.default\">\n\t\t\t\t<div class=\"elementor-widget-container\">\n\t\t\t\t\t\t\t\t\t<p>Close and dedicated treatment to provide an exceptional experience.<\/p>\t\t\t\t\t\t\t\t<\/div>\n\t\t\t\t<\/div>\n\t\t\t\t<\/div>\n\t\t\t\t<\/div>\n\t\t<a class=\"elementor-element elementor-element-d4c8f2c e-con-full e-flex e-con e-child\" data-id=\"d4c8f2c\" data-element_type=\"container\" href=\"\/en\/#contacto\">\n\t\t\t\t<div class=\"elementor-element elementor-element-b7f8e8b elementor-widget elementor-widget-heading\" data-id=\"b7f8e8b\" data-element_type=\"widget\" data-widget_type=\"heading.default\">\n\t\t\t\t<div class=\"elementor-widget-container\">\n\t\t\t\t\t<h2 class=\"elementor-heading-title elementor-size-default\">Contact now<\/h2>\t\t\t\t<\/div>\n\t\t\t\t<\/div>\n\t\t\t\t<div class=\"elementor-element elementor-element-ca2eaf5 elementor-view-default elementor-widget elementor-widget-icon\" data-id=\"ca2eaf5\" data-element_type=\"widget\" data-widget_type=\"icon.default\">\n\t\t\t\t<div class=\"elementor-widget-container\">\n\t\t\t\t\t\t\t<div class=\"elementor-icon-wrapper\">\n\t\t\t<div class=\"elementor-icon\">\n\t\t\t<svg xmlns=\"http:\/\/www.w3.org\/2000\/svg\" width=\"16\" height=\"15\" viewbox=\"0 0 16 15\" fill=\"none\"><path d=\"M15.5707 3.55244e-05L4.33046 2.64391L12.2403 11.0563L15.5707 3.55244e-05ZM1.68501 14.4287L9.6989 6.89364L8.32888 5.43657L0.314992 12.9717L1.68501 14.4287Z\" fill=\"#ED7D31\"><\/path><\/svg>\t\t\t<\/div>\n\t\t<\/div>\n\t\t\t\t\t\t<\/div>\n\t\t\t\t<\/div>\n\t\t\t\t<\/a>\n\t\t\t\t<\/div>\n\t\t\t\t\t<\/div>\n\t\t\t\t<\/div>\n\t\t<div class=\"elementor-element elementor-element-3a74365 e-flex e-con-boxed e-con e-parent\" data-id=\"3a74365\" data-element_type=\"container\" id=\"nuestros-lideres\" data-settings=\"{&quot;background_background&quot;:&quot;classic&quot;}\">\n\t\t\t\t\t<div class=\"e-con-inner\">\n\t\t\t\t<div class=\"elementor-element elementor-element-7624f3d deco deco-title2 elementor-widget elementor-widget-heading\" data-id=\"7624f3d\" data-element_type=\"widget\" data-widget_type=\"heading.default\">\n\t\t\t\t<div class=\"elementor-widget-container\">\n\t\t\t\t\t<h2 class=\"elementor-heading-title elementor-size-default\">OUR LEADERS<\/h2>\t\t\t\t<\/div>\n\t\t\t\t<\/div>\n\t\t<div class=\"elementor-element elementor-element-1dd4f01 e-con-full e-flex e-con e-child\" data-id=\"1dd4f01\" data-element_type=\"container\">\n\t\t<div class=\"elementor-element elementor-element-c65ae27 e-con-full e-flex e-con e-child\" data-id=\"c65ae27\" data-element_type=\"container\">\n\t\t\t\t<div class=\"elementor-element elementor-element-ca1f27a elementor-widget__width-initial elementor-widget elementor-widget-image\" data-id=\"ca1f27a\" data-element_type=\"widget\" data-widget_type=\"image.default\">\n\t\t\t\t<div class=\"elementor-widget-container\">\n\t\t\t\t\t\t\t\t\t\t\t\t\t\t\t<img decoding=\"async\" width=\"141\" height=\"141\" src=\"https:\/\/backgroundspain.entropiaweb.com\/wp-content\/uploads\/2025\/01\/Mask-group-1.jpg\" class=\"attachment-large size-large wp-image-1487\" alt=\"\" srcset=\"https:\/\/backgroundspain.entropiaweb.com\/wp-content\/uploads\/2025\/01\/Mask-group-1.jpg 141w, https:\/\/backgroundspain.entropiaweb.com\/wp-content\/uploads\/2025\/01\/Mask-group-1-12x12.jpg 12w\" sizes=\"(max-width: 141px) 100vw, 141px\" \/>\t\t\t\t\t\t\t\t\t\t\t\t\t\t\t<\/div>\n\t\t\t\t<\/div>\n\t\t<div class=\"elementor-element elementor-element-80b7f72 e-con-full e-flex e-con e-child\" data-id=\"80b7f72\" data-element_type=\"container\">\n\t\t\t\t<div class=\"elementor-element elementor-element-c38c8ec elementor-widget elementor-widget-heading\" data-id=\"c38c8ec\" data-element_type=\"widget\" data-widget_type=\"heading.default\">\n\t\t\t\t<div class=\"elementor-widget-container\">\n\t\t\t\t\t<h2 class=\"elementor-heading-title elementor-size-default\">GERTRUDIS ALARCON<\/h2>\t\t\t\t<\/div>\n\t\t\t\t<\/div>\n\t\t\t\t<div class=\"elementor-element elementor-element-85aaa10 elementor-widget elementor-widget-text-editor\" data-id=\"85aaa10\" data-element_type=\"widget\" data-widget_type=\"text-editor.default\">\n\t\t\t\t<div class=\"elementor-widget-container\">\n\t\t\t\t\t\t\t\t\t<p>CFE, Criminiologist and Investigator, MD &amp; Founder<\/p>\t\t\t\t\t\t\t\t<\/div>\n\t\t\t\t<\/div>\n\t\t\t\t<div class=\"elementor-element elementor-element-cf15aa2 elementor-view-default elementor-widget elementor-widget-icon\" data-id=\"cf15aa2\" data-element_type=\"widget\" data-widget_type=\"icon.default\">\n\t\t\t\t<div class=\"elementor-widget-container\">\n\t\t\t\t\t\t\t<div class=\"elementor-icon-wrapper\">\n\t\t\t<a class=\"elementor-icon\" href=\"https:\/\/www.linkedin.com\/in\/gertrudisalarcon\" target=\"_blank\">\n\t\t\t<svg aria-hidden=\"true\" class=\"e-font-icon-svg e-fab-linkedin-in\" viewbox=\"0 0 448 512\" xmlns=\"http:\/\/www.w3.org\/2000\/svg\"><path d=\"M100.28 448H7.4V148.9h92.88zM53.79 108.1C24.09 108.1 0 83.5 0 53.8a53.79 53.79 0 0 1 107.58 0c0 29.7-24.1 54.3-53.79 54.3zM447.9 448h-92.68V302.4c0-34.7-.7-79.2-48.29-79.2-48.29 0-55.69 37.7-55.69 76.7V448h-92.78V148.9h89.08v40.8h1.3c12.4-23.5 42.69-48.3 87.88-48.3 94 0 111.28 61.9 111.28 142.3V448z\"><\/path><\/svg>\t\t\t<\/a>\n\t\t<\/div>\n\t\t\t\t\t\t<\/div>\n\t\t\t\t<\/div>\n\t\t\t\t<\/div>\n\t\t\t\t<\/div>\n\t\t<div class=\"elementor-element elementor-element-5df3a7f e-con-full e-flex e-con e-child\" data-id=\"5df3a7f\" data-element_type=\"container\">\n\t\t\t\t<div class=\"elementor-element elementor-element-9d45595 elementor-widget__width-initial elementor-widget elementor-widget-image\" data-id=\"9d45595\" data-element_type=\"widget\" data-widget_type=\"image.default\">\n\t\t\t\t<div class=\"elementor-widget-container\">\n\t\t\t\t\t\t\t\t\t\t\t\t\t\t\t<img decoding=\"async\" width=\"135\" height=\"134\" src=\"https:\/\/backgroundspain.entropiaweb.com\/wp-content\/uploads\/2025\/01\/Captura-126.jpg\" class=\"attachment-large size-large wp-image-1491\" alt=\"\" srcset=\"https:\/\/backgroundspain.entropiaweb.com\/wp-content\/uploads\/2025\/01\/Captura-126.jpg 135w, https:\/\/backgroundspain.entropiaweb.com\/wp-content\/uploads\/2025\/01\/Captura-126-12x12.jpg 12w\" sizes=\"(max-width: 135px) 100vw, 135px\" \/>\t\t\t\t\t\t\t\t\t\t\t\t\t\t\t<\/div>\n\t\t\t\t<\/div>\n\t\t<div class=\"elementor-element elementor-element-155a61a e-con-full e-flex e-con e-child\" data-id=\"155a61a\" data-element_type=\"container\">\n\t\t\t\t<div class=\"elementor-element elementor-element-f3d652f elementor-widget elementor-widget-heading\" data-id=\"f3d652f\" data-element_type=\"widget\" data-widget_type=\"heading.default\">\n\t\t\t\t<div class=\"elementor-widget-container\">\n\t\t\t\t\t<h2 class=\"elementor-heading-title elementor-size-default\">Gustavo Villaverde<\/h2>\t\t\t\t<\/div>\n\t\t\t\t<\/div>\n\t\t\t\t<div class=\"elementor-element elementor-element-b4e2d2a elementor-widget elementor-widget-text-editor\" data-id=\"b4e2d2a\" data-element_type=\"widget\" data-widget_type=\"text-editor.default\">\n\t\t\t\t<div class=\"elementor-widget-container\">\n\t\t\t\t\t\t\t\t\t<p>Director i2 Ethics<\/p>\t\t\t\t\t\t\t\t<\/div>\n\t\t\t\t<\/div>\n\t\t\t\t<div class=\"elementor-element elementor-element-5a8e7c3 elementor-view-default elementor-widget elementor-widget-icon\" data-id=\"5a8e7c3\" data-element_type=\"widget\" data-widget_type=\"icon.default\">\n\t\t\t\t<div class=\"elementor-widget-container\">\n\t\t\t\t\t\t\t<div class=\"elementor-icon-wrapper\">\n\t\t\t<a class=\"elementor-icon\" href=\"https:\/\/www.linkedin.com\/in\/gustavo-villaverde-barcia-4b8b6316\/\" target=\"_blank\">\n\t\t\t<svg aria-hidden=\"true\" class=\"e-font-icon-svg e-fab-linkedin-in\" viewbox=\"0 0 448 512\" xmlns=\"http:\/\/www.w3.org\/2000\/svg\"><path d=\"M100.28 448H7.4V148.9h92.88zM53.79 108.1C24.09 108.1 0 83.5 0 53.8a53.79 53.79 0 0 1 107.58 0c0 29.7-24.1 54.3-53.79 54.3zM447.9 448h-92.68V302.4c0-34.7-.7-79.2-48.29-79.2-48.29 0-55.69 37.7-55.69 76.7V448h-92.78V148.9h89.08v40.8h1.3c12.4-23.5 42.69-48.3 87.88-48.3 94 0 111.28 61.9 111.28 142.3V448z\"><\/path><\/svg>\t\t\t<\/a>\n\t\t<\/div>\n\t\t\t\t\t\t<\/div>\n\t\t\t\t<\/div>\n\t\t\t\t<\/div>\n\t\t\t\t<\/div>\n\t\t\t\t<\/div>\n\t\t\t\t\t<\/div>\n\t\t\t\t<\/div>\n\t\t\t\t<\/div>","protected":false},"excerpt":{"rendered":"<p>Background Spain una empresa de Grupo Gat En Background Spain, somos l\u00edderes en soluciones de verificaci\u00f3n de antecedentes laborales, identidad y compliance, con m\u00e1s de 25 a\u00f1os de experiencia ayudando a empresas de todos los tama\u00f1os a tomar decisiones informadas y responsables en sus procesos de contrataci\u00f3n. Desde nuestra sede en Madrid, Espa\u00f1a, operamos en [&hellip;]<\/p>","protected":false},"author":1,"featured_media":0,"parent":0,"menu_order":0,"comment_status":"closed","ping_status":"closed","template":"","meta":{"footnotes":""},"class_list":["post-244","page","type-page","status-publish","hentry"],"_links":{"self":[{"href":"https:\/\/backgroundspain.entropiaweb.com\/en\/wp-json\/wp\/v2\/pages\/244","targetHints":{"allow":["GET"]}}],"collection":[{"href":"https:\/\/backgroundspain.entropiaweb.com\/en\/wp-json\/wp\/v2\/pages"}],"about":[{"href":"https:\/\/backgroundspain.entropiaweb.com\/en\/wp-json\/wp\/v2\/types\/page"}],"author":[{"embeddable":true,"href":"https:\/\/backgroundspain.entropiaweb.com\/en\/wp-json\/wp\/v2\/users\/1"}],"replies":[{"embeddable":true,"href":"https:\/\/backgroundspain.entropiaweb.com\/en\/wp-json\/wp\/v2\/comments?post=244"}],"version-history":[{"count":103,"href":"https:\/\/backgroundspain.entropiaweb.com\/en\/wp-json\/wp\/v2\/pages\/244\/revisions"}],"predecessor-version":[{"id":1512,"href":"https:\/\/backgroundspain.entropiaweb.com\/en\/wp-json\/wp\/v2\/pages\/244\/revisions\/1512"}],"wp:attachment":[{"href":"https:\/\/backgroundspain.entropiaweb.com\/en\/wp-json\/wp\/v2\/media?parent=244"}],"curies":[{"name":"wp","href":"https:\/\/api.w.org\/{rel}","templated":true}]}}