{"id":16,"date":"2024-12-18T10:23:14","date_gmt":"2024-12-18T10:23:14","guid":{"rendered":"https:\/\/backgroundspain.entropiaweb.com\/?page_id=16"},"modified":"2025-01-17T09:19:46","modified_gmt":"2025-01-17T09:19:46","slug":"faq","status":"publish","type":"page","link":"https:\/\/backgroundspain.entropiaweb.com\/en\/faq\/","title":{"rendered":"FAQ &#8211; CUMPLIMIENTO"},"content":{"rendered":"<div data-elementor-type=\"wp-page\" data-elementor-id=\"16\" class=\"elementor elementor-16\" data-elementor-post-type=\"page\">\n\t\t\t\t<div class=\"elementor-element elementor-element-9618c6c faq-container e-flex e-con-boxed e-con e-parent\" data-id=\"9618c6c\" data-element_type=\"container\" data-settings=\"{&quot;background_background&quot;:&quot;classic&quot;}\">\n\t\t\t\t\t<div class=\"e-con-inner\">\n\t\t\t\t<div class=\"elementor-element elementor-element-f5215f0 deco deco-left-bottom elementor-widget elementor-widget-heading\" data-id=\"f5215f0\" data-element_type=\"widget\" data-widget_type=\"heading.default\">\n\t\t\t\t<div class=\"elementor-widget-container\">\n\t\t\t\t\t<h2 class=\"elementor-heading-title elementor-size-default\">FAQ<\/h2>\t\t\t\t<\/div>\n\t\t\t\t<\/div>\n\t\t\t\t<div class=\"elementor-element elementor-element-7bbf492 elementor-widget elementor-widget-heading\" data-id=\"7bbf492\" data-element_type=\"widget\" data-widget_type=\"heading.default\">\n\t\t\t\t<div class=\"elementor-widget-container\">\n\t\t\t\t\t<h2 class=\"elementor-heading-title elementor-size-default\">COMPLIANCE<\/h2>\t\t\t\t<\/div>\n\t\t\t\t<\/div>\n\t\t\t\t<div class=\"elementor-element elementor-element-184f177 elementor-widget elementor-widget-n-accordion\" data-id=\"184f177\" data-element_type=\"widget\" data-settings=\"{&quot;default_state&quot;:&quot;expanded&quot;,&quot;max_items_expended&quot;:&quot;one&quot;,&quot;n_accordion_animation_duration&quot;:{&quot;unit&quot;:&quot;ms&quot;,&quot;size&quot;:400,&quot;sizes&quot;:[]}}\" data-widget_type=\"nested-accordion.default\">\n\t\t\t\t<div class=\"elementor-widget-container\">\n\t\t\t\t\t\t\t<div class=\"e-n-accordion\" aria-label=\"Accordion. Open links with Enter or Space, close with Escape, and navigate with Arrow Keys\">\n\t\t\t\t\t\t<details id=\"e-n-accordion-item-2540\" class=\"e-n-accordion-item\" open>\n\t\t\t\t<summary class=\"e-n-accordion-item-title\" data-accordion-index=\"1\" tabindex=\"0\" aria-expanded=\"true\" aria-controls=\"e-n-accordion-item-2540\" >\n\t\t\t\t\t<span class='e-n-accordion-item-title-header'><div class=\"e-n-accordion-item-title-text\"> Full integration into background checks. <\/div><\/span>\n\t\t\t\t\t\t\t<span class='e-n-accordion-item-title-icon'>\n\t\t\t<span class='e-opened' ><svg xmlns=\"http:\/\/www.w3.org\/2000\/svg\" width=\"12\" height=\"19\" viewbox=\"0 0 12 19\" fill=\"none\"><path d=\"M6 0L0.226497 10L11.7735 10L6 0ZM7 19L7 9L5 9L5 19L7 19Z\" fill=\"#ED7D31\"><\/path><\/svg><\/span>\n\t\t\t<span class='e-closed'><svg xmlns=\"http:\/\/www.w3.org\/2000\/svg\" width=\"12\" height=\"19\" viewbox=\"0 0 12 19\" fill=\"none\"><path d=\"M6 19L0.226497 9L11.7735 9L6 19ZM7 4.37114e-08L7 10L5 10L5 -4.37114e-08L7 4.37114e-08Z\" fill=\"black\"><\/path><\/svg><\/span>\n\t\t<\/span>\n\n\t\t\t\t\t\t<\/summary>\n\t\t\t\t<div role=\"region\" aria-labelledby=\"e-n-accordion-item-2540\" class=\"elementor-element elementor-element-083ca70 e-con-full e-flex e-con e-child\" data-id=\"083ca70\" data-element_type=\"container\">\n\t\t\t\t<div class=\"elementor-element elementor-element-256e7ad elementor-widget elementor-widget-text-editor\" data-id=\"256e7ad\" data-element_type=\"widget\" data-widget_type=\"text-editor.default\">\n\t\t\t\t<div class=\"elementor-widget-container\">\n\t\t\t\t\t\t\t\t\t<p>Background screening is fully integrated into every action we take. We understand that when handling sensitive information, compliance is critical. That&#039;s why we&#039;ve streamlined the background screening process and developed custom software and solutions that protect your candidates&#039; information and reduce their exposure to legal risks.<\/p>\t\t\t\t\t\t\t\t<\/div>\n\t\t\t\t<\/div>\n\t\t\t\t<\/div>\n\t\t\t\t\t<\/details>\n\t\t\t\t\t\t<details id=\"e-n-accordion-item-2541\" class=\"e-n-accordion-item\" >\n\t\t\t\t<summary class=\"e-n-accordion-item-title\" data-accordion-index=\"2\" tabindex=\"-1\" aria-expanded=\"false\" aria-controls=\"e-n-accordion-item-2541\" >\n\t\t\t\t\t<span class='e-n-accordion-item-title-header'><div class=\"e-n-accordion-item-title-text\"> Distribution of appropriate notices. <\/div><\/span>\n\t\t\t\t\t\t\t<span class='e-n-accordion-item-title-icon'>\n\t\t\t<span class='e-opened' ><svg xmlns=\"http:\/\/www.w3.org\/2000\/svg\" width=\"12\" height=\"19\" viewbox=\"0 0 12 19\" fill=\"none\"><path d=\"M6 0L0.226497 10L11.7735 10L6 0ZM7 19L7 9L5 9L5 19L7 19Z\" fill=\"#ED7D31\"><\/path><\/svg><\/span>\n\t\t\t<span class='e-closed'><svg xmlns=\"http:\/\/www.w3.org\/2000\/svg\" width=\"12\" height=\"19\" viewbox=\"0 0 12 19\" fill=\"none\"><path d=\"M6 19L0.226497 9L11.7735 9L6 19ZM7 4.37114e-08L7 10L5 10L5 -4.37114e-08L7 4.37114e-08Z\" fill=\"black\"><\/path><\/svg><\/span>\n\t\t<\/span>\n\n\t\t\t\t\t\t<\/summary>\n\t\t\t\t<div role=\"region\" aria-labelledby=\"e-n-accordion-item-2541\" class=\"elementor-element elementor-element-3cb8e05 e-con-full e-flex e-con e-child\" data-id=\"3cb8e05\" data-element_type=\"container\">\n\t\t\t\t<div class=\"elementor-element elementor-element-f70ea33 elementor-widget elementor-widget-text-editor\" data-id=\"f70ea33\" data-element_type=\"widget\" data-widget_type=\"text-editor.default\">\n\t\t\t\t<div class=\"elementor-widget-container\">\n\t\t\t\t\t\t\t\t\tOur platform shows candidates the necessary legal forms and notices at the exact time, based on their job role and location. Electronic disclosure and authorization processing, along with local notices, optimize time and file space. We distribute the right notices at any time, always keeping your candidates informed.\t\t\t\t\t\t\t\t<\/div>\n\t\t\t\t<\/div>\n\t\t\t\t<\/div>\n\t\t\t\t\t<\/details>\n\t\t\t\t\t\t<details id=\"e-n-accordion-item-2542\" class=\"e-n-accordion-item\" >\n\t\t\t\t<summary class=\"e-n-accordion-item-title\" data-accordion-index=\"3\" tabindex=\"-1\" aria-expanded=\"false\" aria-controls=\"e-n-accordion-item-2542\" >\n\t\t\t\t\t<span class='e-n-accordion-item-title-header'><div class=\"e-n-accordion-item-title-text\"> Personalized approach <\/div><\/span>\n\t\t\t\t\t\t\t<span class='e-n-accordion-item-title-icon'>\n\t\t\t<span class='e-opened' ><svg xmlns=\"http:\/\/www.w3.org\/2000\/svg\" width=\"12\" height=\"19\" viewbox=\"0 0 12 19\" fill=\"none\"><path d=\"M6 0L0.226497 10L11.7735 10L6 0ZM7 19L7 9L5 9L5 19L7 19Z\" fill=\"#ED7D31\"><\/path><\/svg><\/span>\n\t\t\t<span class='e-closed'><svg xmlns=\"http:\/\/www.w3.org\/2000\/svg\" width=\"12\" height=\"19\" viewbox=\"0 0 12 19\" fill=\"none\"><path d=\"M6 19L0.226497 9L11.7735 9L6 19ZM7 4.37114e-08L7 10L5 10L5 -4.37114e-08L7 4.37114e-08Z\" fill=\"black\"><\/path><\/svg><\/span>\n\t\t<\/span>\n\n\t\t\t\t\t\t<\/summary>\n\t\t\t\t<div role=\"region\" aria-labelledby=\"e-n-accordion-item-2542\" class=\"elementor-element elementor-element-7260ee8 e-con-full e-flex e-con e-child\" data-id=\"7260ee8\" data-element_type=\"container\">\n\t\t\t\t<div class=\"elementor-element elementor-element-daca593 elementor-widget elementor-widget-text-editor\" data-id=\"daca593\" data-element_type=\"widget\" data-widget_type=\"text-editor.default\">\n\t\t\t\t<div class=\"elementor-widget-container\">\n\t\t\t\t\t\t\t\t\t<p>Our team of experts is dedicated to understanding your specific needs related to your business, location, and industry. We help you implement a background check program designed to maintain compliance.<\/p>\t\t\t\t\t\t\t\t<\/div>\n\t\t\t\t<\/div>\n\t\t\t\t<\/div>\n\t\t\t\t\t<\/details>\n\t\t\t\t\t\t<details id=\"e-n-accordion-item-2543\" class=\"e-n-accordion-item\" >\n\t\t\t\t<summary class=\"e-n-accordion-item-title\" data-accordion-index=\"4\" tabindex=\"-1\" aria-expanded=\"false\" aria-controls=\"e-n-accordion-item-2543\" >\n\t\t\t\t\t<span class='e-n-accordion-item-title-header'><div class=\"e-n-accordion-item-title-text\"> Global compliance in data protection <\/div><\/span>\n\t\t\t\t\t\t\t<span class='e-n-accordion-item-title-icon'>\n\t\t\t<span class='e-opened' ><svg xmlns=\"http:\/\/www.w3.org\/2000\/svg\" width=\"12\" height=\"19\" viewbox=\"0 0 12 19\" fill=\"none\"><path d=\"M6 0L0.226497 10L11.7735 10L6 0ZM7 19L7 9L5 9L5 19L7 19Z\" fill=\"#ED7D31\"><\/path><\/svg><\/span>\n\t\t\t<span class='e-closed'><svg xmlns=\"http:\/\/www.w3.org\/2000\/svg\" width=\"12\" height=\"19\" viewbox=\"0 0 12 19\" fill=\"none\"><path d=\"M6 19L0.226497 9L11.7735 9L6 19ZM7 4.37114e-08L7 10L5 10L5 -4.37114e-08L7 4.37114e-08Z\" fill=\"black\"><\/path><\/svg><\/span>\n\t\t<\/span>\n\n\t\t\t\t\t\t<\/summary>\n\t\t\t\t<div role=\"region\" aria-labelledby=\"e-n-accordion-item-2543\" class=\"elementor-element elementor-element-e3c14e6 e-flex e-con-boxed e-con e-child\" data-id=\"e3c14e6\" data-element_type=\"container\">\n\t\t\t\t\t<div class=\"e-con-inner\">\n\t\t\t\t<div class=\"elementor-element elementor-element-883740f elementor-widget elementor-widget-text-editor\" data-id=\"883740f\" data-element_type=\"widget\" data-widget_type=\"text-editor.default\">\n\t\t\t\t<div class=\"elementor-widget-container\">\n\t\t\t\t\t\t\t\t\t<p>Data protection compliance is crucial both domestically and internationally. Our document management system ensures compliance with global data protection regulations, such as GDPR (General Data Protection Regulation) in Europe and CCPA (California Consumer Privacy Act) in the United States, and other local regulations. We use configurable compliance notices, allowing us to align our practices with the highest privacy and security standards across all of your locations.<\/p><p>\u00a0<\/p>\t\t\t\t\t\t\t\t<\/div>\n\t\t\t\t<\/div>\n\t\t\t\t\t<\/div>\n\t\t\t\t<\/div>\n\t\t\t\t\t<\/details>\n\t\t\t\t\t\t<details id=\"e-n-accordion-item-2544\" class=\"e-n-accordion-item\" >\n\t\t\t\t<summary class=\"e-n-accordion-item-title\" data-accordion-index=\"5\" tabindex=\"-1\" aria-expanded=\"false\" aria-controls=\"e-n-accordion-item-2544\" >\n\t\t\t\t\t<span class='e-n-accordion-item-title-header'><div class=\"e-n-accordion-item-title-text\"> Full integration in background checks. <\/div><\/span>\n\t\t\t\t\t\t\t<span class='e-n-accordion-item-title-icon'>\n\t\t\t<span class='e-opened' ><svg xmlns=\"http:\/\/www.w3.org\/2000\/svg\" width=\"12\" height=\"19\" viewbox=\"0 0 12 19\" fill=\"none\"><path d=\"M6 0L0.226497 10L11.7735 10L6 0ZM7 19L7 9L5 9L5 19L7 19Z\" fill=\"#ED7D31\"><\/path><\/svg><\/span>\n\t\t\t<span class='e-closed'><svg xmlns=\"http:\/\/www.w3.org\/2000\/svg\" width=\"12\" height=\"19\" viewbox=\"0 0 12 19\" fill=\"none\"><path d=\"M6 19L0.226497 9L11.7735 9L6 19ZM7 4.37114e-08L7 10L5 10L5 -4.37114e-08L7 4.37114e-08Z\" fill=\"black\"><\/path><\/svg><\/span>\n\t\t<\/span>\n\n\t\t\t\t\t\t<\/summary>\n\t\t\t\t<div role=\"region\" aria-labelledby=\"e-n-accordion-item-2544\" class=\"elementor-element elementor-element-401e87b e-flex e-con-boxed e-con e-child\" data-id=\"401e87b\" data-element_type=\"container\">\n\t\t\t\t\t<div class=\"e-con-inner\">\n\t\t\t\t<div class=\"elementor-element elementor-element-5862121 elementor-widget elementor-widget-text-editor\" data-id=\"5862121\" data-element_type=\"widget\" data-widget_type=\"text-editor.default\">\n\t\t\t\t<div class=\"elementor-widget-container\">\n\t\t\t\t\t\t\t\t\t<p><br \/>Background checks are fully integrated into every action we take. We understand that when handling sensitive information, compliance is critical. That&#039;s why we&#039;ve streamlined the background check process and developed custom software and solutions that protect your candidates&#039; information and reduce their exposure to legal risks.<\/p>\t\t\t\t\t\t\t\t<\/div>\n\t\t\t\t<\/div>\n\t\t\t\t\t<\/div>\n\t\t\t\t<\/div>\n\t\t\t\t\t<\/details>\n\t\t\t\t\t\t<details id=\"e-n-accordion-item-2545\" class=\"e-n-accordion-item\" >\n\t\t\t\t<summary class=\"e-n-accordion-item-title\" data-accordion-index=\"6\" tabindex=\"-1\" aria-expanded=\"false\" aria-controls=\"e-n-accordion-item-2545\" >\n\t\t\t\t\t<span class='e-n-accordion-item-title-header'><div class=\"e-n-accordion-item-title-text\"> Distribution of appropriate notices <\/div><\/span>\n\t\t\t\t\t\t\t<span class='e-n-accordion-item-title-icon'>\n\t\t\t<span class='e-opened' ><svg xmlns=\"http:\/\/www.w3.org\/2000\/svg\" width=\"12\" height=\"19\" viewbox=\"0 0 12 19\" fill=\"none\"><path d=\"M6 0L0.226497 10L11.7735 10L6 0ZM7 19L7 9L5 9L5 19L7 19Z\" fill=\"#ED7D31\"><\/path><\/svg><\/span>\n\t\t\t<span class='e-closed'><svg xmlns=\"http:\/\/www.w3.org\/2000\/svg\" width=\"12\" height=\"19\" viewbox=\"0 0 12 19\" fill=\"none\"><path d=\"M6 19L0.226497 9L11.7735 9L6 19ZM7 4.37114e-08L7 10L5 10L5 -4.37114e-08L7 4.37114e-08Z\" fill=\"black\"><\/path><\/svg><\/span>\n\t\t<\/span>\n\n\t\t\t\t\t\t<\/summary>\n\t\t\t\t<div role=\"region\" aria-labelledby=\"e-n-accordion-item-2545\" class=\"elementor-element elementor-element-5cf022b e-flex e-con-boxed e-con e-child\" data-id=\"5cf022b\" data-element_type=\"container\">\n\t\t\t\t\t<div class=\"e-con-inner\">\n\t\t\t\t<div class=\"elementor-element elementor-element-0badd4b elementor-widget elementor-widget-text-editor\" data-id=\"0badd4b\" data-element_type=\"widget\" data-widget_type=\"text-editor.default\">\n\t\t\t\t<div class=\"elementor-widget-container\">\n\t\t\t\t\t\t\t\t\t<p>Our platform shows candidates the necessary legal forms and notices at the exact time, based on their job role and location. Electronic disclosure and authorization processing, along with local notices, optimize time and filing space. We distribute timely notices at any time, keeping your candidates informed at all times.<\/p>\t\t\t\t\t\t\t\t<\/div>\n\t\t\t\t<\/div>\n\t\t\t\t\t<\/div>\n\t\t\t\t<\/div>\n\t\t\t\t\t<\/details>\n\t\t\t\t\t\t<details id=\"e-n-accordion-item-2546\" class=\"e-n-accordion-item\" >\n\t\t\t\t<summary class=\"e-n-accordion-item-title\" data-accordion-index=\"7\" tabindex=\"-1\" aria-expanded=\"false\" aria-controls=\"e-n-accordion-item-2546\" >\n\t\t\t\t\t<span class='e-n-accordion-item-title-header'><div class=\"e-n-accordion-item-title-text\"> Personalized approach <\/div><\/span>\n\t\t\t\t\t\t\t<span class='e-n-accordion-item-title-icon'>\n\t\t\t<span class='e-opened' ><svg xmlns=\"http:\/\/www.w3.org\/2000\/svg\" width=\"12\" height=\"19\" viewbox=\"0 0 12 19\" fill=\"none\"><path d=\"M6 0L0.226497 10L11.7735 10L6 0ZM7 19L7 9L5 9L5 19L7 19Z\" fill=\"#ED7D31\"><\/path><\/svg><\/span>\n\t\t\t<span class='e-closed'><svg xmlns=\"http:\/\/www.w3.org\/2000\/svg\" width=\"12\" height=\"19\" viewbox=\"0 0 12 19\" fill=\"none\"><path d=\"M6 19L0.226497 9L11.7735 9L6 19ZM7 4.37114e-08L7 10L5 10L5 -4.37114e-08L7 4.37114e-08Z\" fill=\"black\"><\/path><\/svg><\/span>\n\t\t<\/span>\n\n\t\t\t\t\t\t<\/summary>\n\t\t\t\t<div role=\"region\" aria-labelledby=\"e-n-accordion-item-2546\" class=\"elementor-element elementor-element-12166fc e-flex e-con-boxed e-con e-child\" data-id=\"12166fc\" data-element_type=\"container\">\n\t\t\t\t\t<div class=\"e-con-inner\">\n\t\t\t\t<div class=\"elementor-element elementor-element-39f14fa elementor-widget elementor-widget-text-editor\" data-id=\"39f14fa\" data-element_type=\"widget\" data-widget_type=\"text-editor.default\">\n\t\t\t\t<div class=\"elementor-widget-container\">\n\t\t\t\t\t\t\t\t\t<p>Our team of experts is dedicated to understanding your specific needs related to your business, location, and industry. We help you implement a background screening program designed to ensure regulatory compliance.<\/p>\t\t\t\t\t\t\t\t<\/div>\n\t\t\t\t<\/div>\n\t\t\t\t\t<\/div>\n\t\t\t\t<\/div>\n\t\t\t\t\t<\/details>\n\t\t\t\t\t\t<details id=\"e-n-accordion-item-2547\" class=\"e-n-accordion-item\" >\n\t\t\t\t<summary class=\"e-n-accordion-item-title\" data-accordion-index=\"8\" tabindex=\"-1\" aria-expanded=\"false\" aria-controls=\"e-n-accordion-item-2547\" >\n\t\t\t\t\t<span class='e-n-accordion-item-title-header'><div class=\"e-n-accordion-item-title-text\"> Global compliance in data protection <\/div><\/span>\n\t\t\t\t\t\t\t<span class='e-n-accordion-item-title-icon'>\n\t\t\t<span class='e-opened' ><svg xmlns=\"http:\/\/www.w3.org\/2000\/svg\" width=\"12\" height=\"19\" viewbox=\"0 0 12 19\" fill=\"none\"><path d=\"M6 0L0.226497 10L11.7735 10L6 0ZM7 19L7 9L5 9L5 19L7 19Z\" fill=\"#ED7D31\"><\/path><\/svg><\/span>\n\t\t\t<span class='e-closed'><svg xmlns=\"http:\/\/www.w3.org\/2000\/svg\" width=\"12\" height=\"19\" viewbox=\"0 0 12 19\" fill=\"none\"><path d=\"M6 19L0.226497 9L11.7735 9L6 19ZM7 4.37114e-08L7 10L5 10L5 -4.37114e-08L7 4.37114e-08Z\" fill=\"black\"><\/path><\/svg><\/span>\n\t\t<\/span>\n\n\t\t\t\t\t\t<\/summary>\n\t\t\t\t<div role=\"region\" aria-labelledby=\"e-n-accordion-item-2547\" class=\"elementor-element elementor-element-72c5350 e-flex e-con-boxed e-con e-child\" data-id=\"72c5350\" data-element_type=\"container\">\n\t\t\t\t\t<div class=\"e-con-inner\">\n\t\t\t\t<div class=\"elementor-element elementor-element-f65210e elementor-widget elementor-widget-text-editor\" data-id=\"f65210e\" data-element_type=\"widget\" data-widget_type=\"text-editor.default\">\n\t\t\t\t<div class=\"elementor-widget-container\">\n\t\t\t\t\t\t\t\t\t<p>Data protection compliance is crucial both domestically and internationally. Our document management system ensures compliance with global data protection regulations, such as GDPR (General Data Protection Regulation) in Europe and CCPA (California Consumer Privacy Act) in the United States, as well as other local regulations. We use configurable compliance notices, allowing us to align our practices with the highest privacy and security standards across all your locations.<\/p>\t\t\t\t\t\t\t\t<\/div>\n\t\t\t\t<\/div>\n\t\t\t\t\t<\/div>\n\t\t\t\t<\/div>\n\t\t\t\t\t<\/details>\n\t\t\t\t\t<\/div>\n\t\t\t\t\t<script type=\"application\/ld+json\">{\n    \"@context\": \"https:\\\/\\\/schema.org\",\n    \"@type\": \"FAQPage\",\n    \"mainEntity\": [\n        {\n            \"@type\": \"Question\",\n            \"name\": \"Integraci\\u00f3n total en la verificaci\\u00f3n de antecedentes.\",\n            \"acceptedAnswer\": {\n                \"@type\": \"Answer\",\n                \"text\": \"La verificaci\\u00f3n de antecedentes est\\u00e1 completamente integrada en cada acci\\u00f3n que llevamos a cabo. Entendemos que, al manejar informaci\\u00f3n confidencial, el cumplimiento es fundamental. Por eso hemos simplificado el proceso de verificaci\\u00f3n de antecedentes y hemos desarrollado software y soluciones personalizadas que protegen la informaci\\u00f3n de sus candidatos y reducen su exposici\\u00f3n a riesgos legales.\"\n            }\n        },\n        {\n            \"@type\": \"Question\",\n            \"name\": \"Distribuci\\u00f3n de avisos adecuados.\",\n            \"acceptedAnswer\": {\n                \"@type\": \"Answer\",\n                \"text\": \"Nuestra plataforma muestra a los candidatos los formularios y avisos legales necesarios en el momento exacto, seg\\u00fan su puesto de trabajo y ubicaci\\u00f3n. La divulgaci\\u00f3n electr\\u00f3nica y el procesamiento de autorizaciones, junto con los avisos locales, optimizan tiempo y espacio en los archivos. Distribuimos los avisos oportunos en cualquier momento, manteniendo siempre a sus candidatos informados.\"\n            }\n        },\n        {\n            \"@type\": \"Question\",\n            \"name\": \"Enfoque personalizado\",\n            \"acceptedAnswer\": {\n                \"@type\": \"Answer\",\n                \"text\": \"Nuestro equipo de expertos se dedica a comprender tus necesidades espec\\u00edficas relacionadas con tu negocio, ubicaci\\u00f3n e industria. Te ayudamos a implementar un programa de verificaci\\u00f3n de antecedentes dise\\u00f1ado para garantizar el cumplimiento normativo.\"\n            }\n        },\n        {\n            \"@type\": \"Question\",\n            \"name\": \"Cumplimiento global en protecci\\u00f3n de datos\",\n            \"acceptedAnswer\": {\n                \"@type\": \"Answer\",\n                \"text\": \"El cumplimiento en materia de protecci\\u00f3n de datos es crucial tanto a nivel nacional como internacional. Nuestro sistema de gesti\\u00f3n de documentos asegura el cumplimiento de las normativas globales de protecci\\u00f3n de datos, como el RGPD (Reglamento General de Protecci\\u00f3n de Datos) en Europa y la CCPA (Ley de Privacidad del Consumidor de California) en Estados Unidos, adem\\u00e1s de otras regulaciones locales. Utilizamos avisos de cumplimiento configurables, lo que nos permite alinear nuestras pr\\u00e1cticas con los m\\u00e1s altos est\\u00e1ndares de privacidad y seguridad en todas tus ubicaciones.\"\n            }\n        },\n        {\n            \"@type\": \"Question\",\n            \"name\": \"Full integration in background checks.\",\n            \"acceptedAnswer\": {\n                \"@type\": \"Answer\",\n                \"text\": \"Las verificaciones de antecedentes est\\u00e1n completamente integradas en cada acci\\u00f3n que realizamos. Entendemos que, al manejar informaci\\u00f3n sensible, el cumplimiento es fundamental. Por eso hemos simplificado el proceso de verificaci\\u00f3n de antecedentes y desarrollado software y soluciones personalizadas que protegen la informaci\\u00f3n de tus candidatos y reducen su exposici\\u00f3n a riesgos legales.\"\n            }\n        },\n        {\n            \"@type\": \"Question\",\n            \"name\": \"Distribuci\\u00f3n de avisos adecuados\",\n            \"acceptedAnswer\": {\n                \"@type\": \"Answer\",\n                \"text\": \"Nuestra plataforma muestra a los candidatos los formularios y avisos legales necesarios en el momento exacto, seg\\u00fan su puesto de trabajo y ubicaci\\u00f3n. La divulgaci\\u00f3n electr\\u00f3nica y el procesamiento de autorizaciones, junto con los avisos locales, optimizan el tiempo y el espacio de archivo. Distribuimos avisos oportunos en cualquier momento, manteniendo a tus candidatos informados en todo momento.\"\n            }\n        }\n    ]\n}<\/script>\n\t\t\t\t\t\t\t<\/div>\n\t\t\t\t<\/div>\n\t\t\t\t\t<\/div>\n\t\t\t\t<\/div>\n\t\t\t\t<\/div>","protected":false},"excerpt":{"rendered":"<p>PREGUNTAS FRECUENTES CUMPLIMIENTO Integraci\u00f3n total en la verificaci\u00f3n de antecedentes. La verificaci\u00f3n de antecedentes est\u00e1 completamente integrada en cada acci\u00f3n que llevamos a cabo. Entendemos que, al manejar informaci\u00f3n confidencial, el cumplimiento es fundamental. Por eso hemos simplificado el proceso de verificaci\u00f3n de antecedentes y hemos desarrollado software y soluciones personalizadas que protegen la informaci\u00f3n [&hellip;]<\/p>","protected":false},"author":1,"featured_media":0,"parent":0,"menu_order":0,"comment_status":"closed","ping_status":"closed","template":"","meta":{"footnotes":""},"class_list":["post-16","page","type-page","status-publish","hentry"],"_links":{"self":[{"href":"https:\/\/backgroundspain.entropiaweb.com\/en\/wp-json\/wp\/v2\/pages\/16","targetHints":{"allow":["GET"]}}],"collection":[{"href":"https:\/\/backgroundspain.entropiaweb.com\/en\/wp-json\/wp\/v2\/pages"}],"about":[{"href":"https:\/\/backgroundspain.entropiaweb.com\/en\/wp-json\/wp\/v2\/types\/page"}],"author":[{"embeddable":true,"href":"https:\/\/backgroundspain.entropiaweb.com\/en\/wp-json\/wp\/v2\/users\/1"}],"replies":[{"embeddable":true,"href":"https:\/\/backgroundspain.entropiaweb.com\/en\/wp-json\/wp\/v2\/comments?post=16"}],"version-history":[{"count":20,"href":"https:\/\/backgroundspain.entropiaweb.com\/en\/wp-json\/wp\/v2\/pages\/16\/revisions"}],"predecessor-version":[{"id":830,"href":"https:\/\/backgroundspain.entropiaweb.com\/en\/wp-json\/wp\/v2\/pages\/16\/revisions\/830"}],"wp:attachment":[{"href":"https:\/\/backgroundspain.entropiaweb.com\/en\/wp-json\/wp\/v2\/media?parent=16"}],"curies":[{"name":"wp","href":"https:\/\/api.w.org\/{rel}","templated":true}]}}